{"id":15691,"date":"2023-04-13T15:55:39","date_gmt":"2023-04-13T13:55:39","guid":{"rendered":"https:\/\/pro.wash-megroup.com\/?page_id=15691"},"modified":"2024-01-31T16:06:15","modified_gmt":"2024-01-31T15:06:15","slug":"nos-laveries","status":"publish","type":"page","link":"https:\/\/pro.wash-megroup.com\/fr-fr\/nos-laveries\/","title":{"rendered":"Nos laveries"},"content":{"rendered":"\n<h1 class=\"wp-block-heading\">Nos laveries Wash ME<\/h1>\n\n\n\n<p>D\u00e9couvrez notre gamme compl\u00e8te de kiosques ext\u00e9rieurs et int\u00e9rieurs ! Nos laveries automatiques Wash ME s&rsquo;adaptent \u00e0 tout type d&rsquo;espace pour offrir toujours plus de services \u00e0 vos clients. Avec une offre cl\u00e9 en main, une installation simple et rapide, c&rsquo;est une opportunit\u00e9 tr\u00e8s \u00e9conomique pour vous garantir des revenus compl\u00e9mentaires tout en offrant une exp\u00e9rience de services optimis\u00e9e \u00e0 vos clients. <\/p>\n\n\n\n<p>Que vous g\u00e9riez un h\u00f4tel, un camping, un super ou un hypermarch\u00e9, une station service, un centre commercial, ou encore une r\u00e9sidence \u00e9tudiante ou senior, vous trouverez toujours une laverie Wash ME qui s&rsquo;adapte \u00e0 vos espaces.<\/p>\n\n\n\n<p><strong>Vous souhaitez localiser les laveries Wash ME d\u00e9j\u00e0 pr\u00e9sentes autour de vous ?<\/strong> C&rsquo;est tr\u00e8s simple ! T\u00e9l\u00e9chargez gratuitement <a href=\"https:\/\/www.wash-megroup.com\/fr-fr\/wash-me-application-mobile\/\">l&rsquo;application mobile ME Group<\/a> pour Wash ME ou effectuez directement votre recherche dans notre <a href=\"https:\/\/stores.revolution-laundry.com\/fr-fr\/\">store locator.<\/a> <\/p>\n\n\n\n<h2 class=\"wp-block-heading has-text-align-center has-blue-viking-color has-text-color has-link-color wp-elements-2e4da4098b98d3a891b72abe03fa2d80\">3 types de machine pour tous les besoins<\/h2>\n\n\n\n<div class=\"wp-block-group is-layout-flow wp-block-group-is-layout-flow\">\n<div class=\"wp-block-columns is-layout-flex wp-container-core-columns-is-layout-28f84493 wp-block-columns-is-layout-flex\">\n<div class=\"wp-block-column is-layout-flow wp-block-column-is-layout-flow\">\n<figure class=\"wp-block-image size-large\"><img decoding=\"async\" width=\"1024\" height=\"801\" src=\"https:\/\/pro.wash-megroup.com\/wp-content\/uploads\/sites\/2\/2024\/01\/V3-devant-min-1024x801.png\" alt=\"Laverie automatique Wash ME Compact V3\" class=\"wp-image-18724\" srcset=\"https:\/\/pro.wash-megroup.com\/wp-content\/uploads\/sites\/2\/2024\/01\/V3-devant-min-1024x801.png 1024w, https:\/\/pro.wash-megroup.com\/wp-content\/uploads\/sites\/2\/2024\/01\/V3-devant-min-300x235.png 300w, https:\/\/pro.wash-megroup.com\/wp-content\/uploads\/sites\/2\/2024\/01\/V3-devant-min-768x601.png 768w, https:\/\/pro.wash-megroup.com\/wp-content\/uploads\/sites\/2\/2024\/01\/V3-devant-min-1536x1202.png 1536w, https:\/\/pro.wash-megroup.com\/wp-content\/uploads\/sites\/2\/2024\/01\/V3-devant-min-2048x1602.png 2048w\" sizes=\"(max-width: 1024px) 100vw, 1024px\" \/><\/figure>\n<\/div>\n\n\n\n<div class=\"wp-block-column is-layout-flow wp-block-column-is-layout-flow\">\n<h2 class=\"wp-block-heading\" style=\"text-transform:uppercase\">LaVERIE Compact V3<\/h2>\n\n\n\n<p><strong>Le kiosque nouvelle g\u00e9n\u00e9ration id\u00e9al pour les gros volumes<\/strong><\/p>\n\n\n\n<p>Notre kiosque laverie n\u00b01 en Europe ! Equip\u00e9 de 2 machines \u00e0 laver (20KG et 9KG) et d&rsquo;un s\u00e9choir (20KG), ce kiosque ext\u00e9rieur dispose des derni\u00e8res innovations d\u00e9velopp\u00e9es en partenariat avec Electrolux Professionnal. Ce kiosque fait moins de 5m\u00b2 au sol et ne prendra pas plus qu\u2019une place de parking en termes d&rsquo;encombrement au sol. Equip\u00e9 de panneaux solaires pour optimiser son rendement \u00e9nerg\u00e9tique, il utilise directement l\u2019\u00e9nergie g\u00e9n\u00e9r\u00e9e et r\u00e9duit ainsi significativement sa consommation. <\/p>\n\n\n\n<div class=\"wp-block-buttons is-layout-flex wp-block-buttons-is-layout-flex\"><div class=\"wp-block-button\">\n<a href=\"https:\/\/pro.wash-megroup.com\/fr-fr\/laundry\/compact-v3\/\" class=\"button wp-block-button__link \">\n<span>\nEn savoir plus sur la Compact V3\n<\/span><\/a><!--\/ .container -->\n<\/div><!--\/ .group -->\n<\/div>\n<\/div>\n<\/div>\n\n\n\n<div class=\"wp-block-columns is-layout-flex wp-container-core-columns-is-layout-28f84493 wp-block-columns-is-layout-flex\">\n<div class=\"wp-block-column is-layout-flow wp-block-column-is-layout-flow\">\n<h2 class=\"wp-block-heading\" style=\"text-transform:uppercase\">LaVERIE Flex Outdoor<\/h2>\n\n\n\n<p><strong>Nouveaut\u00e9 2023 | La colonne laverie ultra compacte<\/strong><\/p>\n\n\n\n<p>Wash ME innove en vous proposant un kiosque laverie automatique ext\u00e9rieur ultra-compact (moins de 2m\u00b2), avec machines \u00e0 laver et s\u00e9choir 12 KG. Ce kiosque est id\u00e9alement con\u00e7u pour les aires de stationnement routier, les h\u00f4tels de passage ou les supermarch\u00e9s de moyennes capacit\u00e9s. Ce kiosque compact est \u00e9quip\u00e9 de machines Electrolux Professionnal et la lessive est automatiquement int\u00e9gr\u00e9e \u00e0 chaque cycle de lavage. <\/p>\n\n\n\n<div class=\"wp-block-buttons is-layout-flex wp-block-buttons-is-layout-flex\"><div class=\"wp-block-button\">\n<a href=\"https:\/\/pro.wash-megroup.com\/fr-fr\/laundry\/flex\/\" class=\"button wp-block-button__link \">\n<span>\nEn savoir plus sur la Flex Outdoor\n<\/span><\/a><!--\/ .container -->\n<\/div><!--\/ .group -->\n<\/div>\n<\/div>\n\n\n\n<div class=\"wp-block-column is-layout-flow wp-block-column-is-layout-flow\">\n<figure class=\"wp-block-image size-large\"><img decoding=\"async\" width=\"1024\" height=\"790\" src=\"https:\/\/pro.wash-megroup.com\/wp-content\/uploads\/sites\/2\/2024\/01\/FLEX-CKS-EASY-OUTDOOR-COTE-DROIT-DEVANT-min-min-1024x790.png\" alt=\"Laverie automatique Wash ME Flex Outdoor\" class=\"wp-image-18747\" srcset=\"https:\/\/pro.wash-megroup.com\/wp-content\/uploads\/sites\/2\/2024\/01\/FLEX-CKS-EASY-OUTDOOR-COTE-DROIT-DEVANT-min-min-1024x790.png 1024w, https:\/\/pro.wash-megroup.com\/wp-content\/uploads\/sites\/2\/2024\/01\/FLEX-CKS-EASY-OUTDOOR-COTE-DROIT-DEVANT-min-min-300x231.png 300w, https:\/\/pro.wash-megroup.com\/wp-content\/uploads\/sites\/2\/2024\/01\/FLEX-CKS-EASY-OUTDOOR-COTE-DROIT-DEVANT-min-min-768x592.png 768w, https:\/\/pro.wash-megroup.com\/wp-content\/uploads\/sites\/2\/2024\/01\/FLEX-CKS-EASY-OUTDOOR-COTE-DROIT-DEVANT-min-min.png 1407w\" sizes=\"(max-width: 1024px) 100vw, 1024px\" \/><\/figure>\n<\/div>\n<\/div>\n\n\n\n<div class=\"wp-block-columns is-layout-flex wp-container-core-columns-is-layout-28f84493 wp-block-columns-is-layout-flex\">\n<div class=\"wp-block-column is-layout-flow wp-block-column-is-layout-flow\">\n<figure class=\"wp-block-image size-large\"><img decoding=\"async\" width=\"1024\" height=\"885\" src=\"https:\/\/pro.wash-megroup.com\/wp-content\/uploads\/sites\/2\/2024\/01\/WASH_FLEX-INDOOR-COLONE_trois-quart-gauche-minmin-1024x885.png\" alt=\"Laverie automatique Wash ME Flex Indoor\" class=\"wp-image-18766\" srcset=\"https:\/\/pro.wash-megroup.com\/wp-content\/uploads\/sites\/2\/2024\/01\/WASH_FLEX-INDOOR-COLONE_trois-quart-gauche-minmin-1024x885.png 1024w, https:\/\/pro.wash-megroup.com\/wp-content\/uploads\/sites\/2\/2024\/01\/WASH_FLEX-INDOOR-COLONE_trois-quart-gauche-minmin-300x259.png 300w, https:\/\/pro.wash-megroup.com\/wp-content\/uploads\/sites\/2\/2024\/01\/WASH_FLEX-INDOOR-COLONE_trois-quart-gauche-minmin-768x664.png 768w, https:\/\/pro.wash-megroup.com\/wp-content\/uploads\/sites\/2\/2024\/01\/WASH_FLEX-INDOOR-COLONE_trois-quart-gauche-minmin.png 1115w\" sizes=\"(max-width: 1024px) 100vw, 1024px\" \/><\/figure>\n<\/div>\n\n\n\n<div class=\"wp-block-column is-layout-flow wp-block-column-is-layout-flow\">\n<h2 class=\"wp-block-heading\" style=\"text-transform:uppercase\">LaVERIE FLEX INDOOR<\/h2>\n\n\n\n<p><strong>La laverie sp\u00e9ciale int\u00e9rieur ultra compacte et modulable<\/strong><\/p>\n\n\n\n<p>D\u00e9couvrez notre nouveau concept Flex d\u00e9di\u00e9 aux emplacements int\u00e9rieurs. Enti\u00e8rement modulable, ce kiosque int\u00e9rieur s\u2019int\u00e8gre parfaitement dans tous les espaces. Le kiosque Flex Indoor a une capacit\u00e9 de 12 KG en lavage et s\u00e9chages et b\u00e9n\u00e9ficie des m\u00eames innovations fonctionnelles que la Compact V3 pour faciliter le parcours utilisateur : plusieurs moyens de paiements (carte bancaire avec ou sans contact et monnaie), lessive int\u00e9gr\u00e9e, alerte SMS, interface client intuitive et multilingues, et bien plus encore !<\/p>\n\n\n\n<div class=\"wp-block-buttons is-layout-flex wp-block-buttons-is-layout-flex\"><div class=\"wp-block-button\">\n<a href=\"https:\/\/pro.wash-megroup.com\/fr-fr\/laundry\/flex\/\" class=\"button wp-block-button__link \">\n<span>\nEn savoir plus sur la Flex Indoor\n<\/span><\/a><!--\/ .container -->\n<\/div><!--\/ .group -->\n<\/div>\n<\/div>\n<\/div>\n<\/div>\n\n\n\n<div style=\"height:5em\" aria-hidden=\"true\" class=\"wp-block-spacer\"><\/div>\n\n\n<div class=\"block-blue\">\n    <div class=\"block-blue__container\">\n        <div class=\"block-blue__title-wrapper\">\n            <h2 class=\"title block-blue__title title--size-m title--white\">\n    Int\u00e9ress\u00e9(e)&nbsp;?<\/h2>\n        <\/div>\n        <div class=\"block-blue__text\">\n            <div class=\"text \">\n    <p>Vous souhaitez vous \u00e9quiper d&rsquo;une de nos laveries ?<\/p>\n<\/div>\n        <\/div>\n        <a class=\"link block-blue__cta-link button button--bordered-white button--with-icon icon-arrow-right\" href=\"https:\/\/pro.wash-megroup.com\/fr-fr\/contact\/\" target=\"\">\n    <span>Contact<\/span>\n<\/a>\n    <\/div>\n<\/div>\n","protected":false},"excerpt":{"rendered":"<p>Nos laveries Wash ME D\u00e9couvrez notre gamme compl\u00e8te de kiosques ext\u00e9rieurs et&#8230;<\/p>\n","protected":false},"author":1,"featured_media":0,"parent":0,"menu_order":0,"comment_status":"closed","ping_status":"closed","template":"","meta":{"_acf_changed":false,"footnotes":""},"class_list":["post-15691","page","type-page","status-publish","hentry"],"acf":[],"yoast_head":"<title>Nos laveries automatiques Wash ME pour ext\u00e9rieur et int\u00e9rieur<\/title>\n<meta name=\"description\" content=\"D\u00e9couvrez nos laveries automatiques Wash ME ! Une offre cl\u00e9 en main, une installation simple et une garantie de revenus rapides.\" \/>\n<meta name=\"robots\" content=\"index, follow, max-snippet:-1, max-image-preview:large, max-video-preview:-1\" \/>\n<link rel=\"canonical\" href=\"https:\/\/pro.wash-megroup.com\/fr-fr\/nos-laveries\/\" \/>\n<meta property=\"og:locale\" content=\"fr_FR\" \/>\n<meta property=\"og:type\" content=\"article\" \/>\n<meta property=\"og:title\" content=\"Nos laveries automatiques Wash ME pour ext\u00e9rieur et int\u00e9rieur\" \/>\n<meta property=\"og:description\" content=\"D\u00e9couvrez nos laveries automatiques Wash ME ! Une offre cl\u00e9 en main, une installation simple et une garantie de revenus rapides.\" \/>\n<meta property=\"og:url\" content=\"https:\/\/pro.wash-megroup.com\/fr-fr\/nos-laveries\/\" \/>\n<meta property=\"og:site_name\" content=\"B2B - Wash ME :\" \/>\n<meta property=\"article:modified_time\" content=\"2024-01-31T15:06:15+00:00\" \/>\n<meta property=\"og:image\" content=\"https:\/\/pro.wash-megroup.com\/wp-content\/uploads\/sites\/2\/2024\/01\/V3-devant-min-1024x801.png\" \/>\n<meta name=\"twitter:card\" content=\"summary_large_image\" \/>\n<meta name=\"twitter:label1\" content=\"Dur\u00e9e de lecture estim\u00e9e\" \/>\n\t<meta name=\"twitter:data1\" content=\"3 minutes\" \/>\n<script type=\"application\/ld+json\" class=\"yoast-schema-graph\">{\"@context\":\"https:\/\/schema.org\",\"@graph\":[{\"@type\":\"WebPage\",\"@id\":\"https:\/\/pro.wash-megroup.com\/fr-fr\/nos-laveries\/\",\"url\":\"https:\/\/pro.wash-megroup.com\/fr-fr\/nos-laveries\/\",\"name\":\"Nos laveries automatiques Wash ME pour ext\u00e9rieur et int\u00e9rieur\",\"isPartOf\":{\"@id\":\"https:\/\/pro.wash-megroup.com\/fr-fr\/#website\"},\"primaryImageOfPage\":{\"@id\":\"https:\/\/pro.wash-megroup.com\/fr-fr\/nos-laveries\/#primaryimage\"},\"image\":{\"@id\":\"https:\/\/pro.wash-megroup.com\/fr-fr\/nos-laveries\/#primaryimage\"},\"thumbnailUrl\":\"https:\/\/pro.wash-megroup.com\/wp-content\/uploads\/sites\/2\/2024\/01\/V3-devant-min-1024x801.png\",\"datePublished\":\"2023-04-13T13:55:39+00:00\",\"dateModified\":\"2024-01-31T15:06:15+00:00\",\"description\":\"D\u00e9couvrez nos laveries automatiques Wash ME ! Une offre cl\u00e9 en main, une installation simple et une garantie de revenus rapides.\",\"breadcrumb\":{\"@id\":\"https:\/\/pro.wash-megroup.com\/fr-fr\/nos-laveries\/#breadcrumb\"},\"inLanguage\":\"fr-FR\",\"potentialAction\":[{\"@type\":\"ReadAction\",\"target\":[\"https:\/\/pro.wash-megroup.com\/fr-fr\/nos-laveries\/\"]}]},{\"@type\":\"ImageObject\",\"inLanguage\":\"fr-FR\",\"@id\":\"https:\/\/pro.wash-megroup.com\/fr-fr\/nos-laveries\/#primaryimage\",\"url\":\"https:\/\/pro.wash-megroup.com\/wp-content\/uploads\/sites\/2\/2024\/01\/V3-devant-min-1024x801.png\",\"contentUrl\":\"https:\/\/pro.wash-megroup.com\/wp-content\/uploads\/sites\/2\/2024\/01\/V3-devant-min-1024x801.png\"},{\"@type\":\"BreadcrumbList\",\"@id\":\"https:\/\/pro.wash-megroup.com\/fr-fr\/nos-laveries\/#breadcrumb\",\"itemListElement\":[{\"@type\":\"ListItem\",\"position\":1,\"name\":\"Home\",\"item\":\"https:\/\/pro.wash-megroup.com\/fr-fr\/\"},{\"@type\":\"ListItem\",\"position\":2,\"name\":\"Nos laveries\"}]},{\"@type\":\"WebSite\",\"@id\":\"https:\/\/pro.wash-megroup.com\/fr-fr\/#website\",\"url\":\"https:\/\/pro.wash-megroup.com\/fr-fr\/\",\"name\":\"B2B - Wash ME :\",\"description\":\"Acc\u00e9dez \u00e0 l&#039;espace professionnel\",\"potentialAction\":[{\"@type\":\"SearchAction\",\"target\":{\"@type\":\"EntryPoint\",\"urlTemplate\":\"https:\/\/pro.wash-megroup.com\/fr-fr\/?s={search_term_string}\"},\"query-input\":{\"@type\":\"PropertyValueSpecification\",\"valueRequired\":true,\"valueName\":\"search_term_string\"}}],\"inLanguage\":\"fr-FR\"}]}<\/script>","yoast_head_json":{"title":"Nos laveries automatiques Wash ME pour ext\u00e9rieur et int\u00e9rieur","description":"D\u00e9couvrez nos laveries automatiques Wash ME ! Une offre cl\u00e9 en main, une installation simple et une garantie de revenus rapides.","robots":{"index":"index","follow":"follow","max-snippet":"max-snippet:-1","max-image-preview":"max-image-preview:large","max-video-preview":"max-video-preview:-1"},"canonical":"https:\/\/pro.wash-megroup.com\/fr-fr\/nos-laveries\/","og_locale":"fr_FR","og_type":"article","og_title":"Nos laveries automatiques Wash ME pour ext\u00e9rieur et int\u00e9rieur","og_description":"D\u00e9couvrez nos laveries automatiques Wash ME ! Une offre cl\u00e9 en main, une installation simple et une garantie de revenus rapides.","og_url":"https:\/\/pro.wash-megroup.com\/fr-fr\/nos-laveries\/","og_site_name":"B2B - Wash ME :","article_modified_time":"2024-01-31T15:06:15+00:00","og_image":[{"url":"https:\/\/pro.wash-megroup.com\/wp-content\/uploads\/sites\/2\/2024\/01\/V3-devant-min-1024x801.png","type":"","width":"","height":""}],"twitter_card":"summary_large_image","twitter_misc":{"Dur\u00e9e de lecture estim\u00e9e":"3 minutes"},"schema":{"@context":"https:\/\/schema.org","@graph":[{"@type":"WebPage","@id":"https:\/\/pro.wash-megroup.com\/fr-fr\/nos-laveries\/","url":"https:\/\/pro.wash-megroup.com\/fr-fr\/nos-laveries\/","name":"Nos laveries automatiques Wash ME pour ext\u00e9rieur et int\u00e9rieur","isPartOf":{"@id":"https:\/\/pro.wash-megroup.com\/fr-fr\/#website"},"primaryImageOfPage":{"@id":"https:\/\/pro.wash-megroup.com\/fr-fr\/nos-laveries\/#primaryimage"},"image":{"@id":"https:\/\/pro.wash-megroup.com\/fr-fr\/nos-laveries\/#primaryimage"},"thumbnailUrl":"https:\/\/pro.wash-megroup.com\/wp-content\/uploads\/sites\/2\/2024\/01\/V3-devant-min-1024x801.png","datePublished":"2023-04-13T13:55:39+00:00","dateModified":"2024-01-31T15:06:15+00:00","description":"D\u00e9couvrez nos laveries automatiques Wash ME ! Une offre cl\u00e9 en main, une installation simple et une garantie de revenus rapides.","breadcrumb":{"@id":"https:\/\/pro.wash-megroup.com\/fr-fr\/nos-laveries\/#breadcrumb"},"inLanguage":"fr-FR","potentialAction":[{"@type":"ReadAction","target":["https:\/\/pro.wash-megroup.com\/fr-fr\/nos-laveries\/"]}]},{"@type":"ImageObject","inLanguage":"fr-FR","@id":"https:\/\/pro.wash-megroup.com\/fr-fr\/nos-laveries\/#primaryimage","url":"https:\/\/pro.wash-megroup.com\/wp-content\/uploads\/sites\/2\/2024\/01\/V3-devant-min-1024x801.png","contentUrl":"https:\/\/pro.wash-megroup.com\/wp-content\/uploads\/sites\/2\/2024\/01\/V3-devant-min-1024x801.png"},{"@type":"BreadcrumbList","@id":"https:\/\/pro.wash-megroup.com\/fr-fr\/nos-laveries\/#breadcrumb","itemListElement":[{"@type":"ListItem","position":1,"name":"Home","item":"https:\/\/pro.wash-megroup.com\/fr-fr\/"},{"@type":"ListItem","position":2,"name":"Nos laveries"}]},{"@type":"WebSite","@id":"https:\/\/pro.wash-megroup.com\/fr-fr\/#website","url":"https:\/\/pro.wash-megroup.com\/fr-fr\/","name":"B2B - Wash ME :","description":"Acc\u00e9dez \u00e0 l&#039;espace professionnel","potentialAction":[{"@type":"SearchAction","target":{"@type":"EntryPoint","urlTemplate":"https:\/\/pro.wash-megroup.com\/fr-fr\/?s={search_term_string}"},"query-input":{"@type":"PropertyValueSpecification","valueRequired":true,"valueName":"search_term_string"}}],"inLanguage":"fr-FR"}]}},"_links":{"self":[{"href":"https:\/\/pro.wash-megroup.com\/fr-fr\/wp-json\/wp\/v2\/pages\/15691","targetHints":{"allow":["GET"]}}],"collection":[{"href":"https:\/\/pro.wash-megroup.com\/fr-fr\/wp-json\/wp\/v2\/pages"}],"about":[{"href":"https:\/\/pro.wash-megroup.com\/fr-fr\/wp-json\/wp\/v2\/types\/page"}],"author":[{"embeddable":true,"href":"https:\/\/pro.wash-megroup.com\/fr-fr\/wp-json\/wp\/v2\/users\/1"}],"replies":[{"embeddable":true,"href":"https:\/\/pro.wash-megroup.com\/fr-fr\/wp-json\/wp\/v2\/comments?post=15691"}],"version-history":[{"count":55,"href":"https:\/\/pro.wash-megroup.com\/fr-fr\/wp-json\/wp\/v2\/pages\/15691\/revisions"}],"predecessor-version":[{"id":18967,"href":"https:\/\/pro.wash-megroup.com\/fr-fr\/wp-json\/wp\/v2\/pages\/15691\/revisions\/18967"}],"wp:attachment":[{"href":"https:\/\/pro.wash-megroup.com\/fr-fr\/wp-json\/wp\/v2\/media?parent=15691"}],"curies":[{"name":"wp","href":"https:\/\/api.w.org\/{rel}","templated":true}]}}