{"id":15753,"date":"2021-09-06T15:55:23","date_gmt":"2021-09-06T13:55:23","guid":{"rendered":"https:\/\/pro.wash-megroup.com\/business-model\/"},"modified":"2023-08-08T18:13:15","modified_gmt":"2023-08-08T16:13:15","slug":"business-model","status":"publish","type":"page","link":"https:\/\/pro.wash-megroup.com\/fr-be\/business-model\/","title":{"rendered":"Business model"},"content":{"rendered":"\n<h1 class=\"wp-block-heading\">INVESTIR DANS UNE LAVERIE AUTOMATIQUE Wash ME <\/h1>\n\n\n\n<p>Ouvrir une laverie automatique Wash ME est tr\u00e8s simple, \u00e9conomique et tr\u00e8s rapide ! L\u2019offre Wash ME propose une gamme compl\u00e8te d\u2019\u00e9quipements fiables et \u00e9volutifs, avec diff\u00e9rentes tailles de machines, pour des emplacements ext\u00e9rieurs ou int\u00e9rieurs. Cette offre Plug\u2019n Play premium est disponible en exploitation (offre cl\u00e9 en main avec reversement d\u2019une commission sur le chiffre d\u2019affaires g\u00e9n\u00e9r\u00e9), \u00e0 la location ou \u00e0 la vente.<\/p>\n\n\n<div class=\"block-sectors\">\n    <div class=\"block-sectors__container\">\n        <div class=\"block-sectors__title-wrapper\">\n            <h2 class=\"title block-sectors__title title--size-m\">\n    LES SECTEURS D\u2019implantation<\/h2>\n        <\/div>\n        <div class=\"block-sectors__list\">\n\t        <div class=\"block-sectors__swiper-container swiper-container\">\n\t\t        <div class=\"block-sectors__swiper-wrapper swiper-wrapper\">\n                                                <div class=\"block-sectors__element swiper-slide\">\n                                <div class=\"image-title\">\n    <div class=\"image-title__container\">\n        <div class=\"image-title__image\">\n            <img decoding=\"async\" class=\"image \" src=\"https:\/\/pro.wash-megroup.com\/wp-content\/uploads\/sites\/2\/2021\/09\/photo-gas-station.png\" alt=\"photo-gas-station.png\"\/>\n        <\/div>\n        <div class=\"image-title__text\">\n            <h2 class=\"title \">\n    STATION-SERVICE<\/h2>\n        <\/div>\n    <\/div>\n\n<\/div>\n                            <\/div>\n                                                    <div class=\"block-sectors__element swiper-slide\">\n                                <div class=\"image-title\">\n    <div class=\"image-title__container\">\n        <div class=\"image-title__image\">\n            <img decoding=\"async\" class=\"image \" src=\"https:\/\/pro.wash-megroup.com\/wp-content\/uploads\/sites\/2\/2021\/09\/photo-supermarket.png\" alt=\"photo-supermarket.png\"\/>\n        <\/div>\n        <div class=\"image-title__text\">\n            <h2 class=\"title \">\n    SUPERMARCH\u00c9S<\/h2>\n        <\/div>\n    <\/div>\n\n<\/div>\n                            <\/div>\n                                                    <div class=\"block-sectors__element swiper-slide\">\n                                <div class=\"image-title\">\n    <div class=\"image-title__container\">\n        <div class=\"image-title__image\">\n            <img decoding=\"async\" class=\"image \" src=\"https:\/\/pro.wash-megroup.com\/wp-content\/uploads\/sites\/2\/2021\/09\/photo-camping.png\" alt=\"photo-camping.png\"\/>\n        <\/div>\n        <div class=\"image-title__text\">\n            <h2 class=\"title \">\n    CAMPINGS<\/h2>\n        <\/div>\n    <\/div>\n\n<\/div>\n                            <\/div>\n                                                    <div class=\"block-sectors__element swiper-slide\">\n                                <div class=\"image-title\">\n    <div class=\"image-title__container\">\n        <div class=\"image-title__image\">\n            <img decoding=\"async\" class=\"image \" src=\"https:\/\/pro.wash-megroup.com\/wp-content\/uploads\/sites\/2\/2021\/09\/photo-hotel.png\" alt=\"photo-hotel.png\"\/>\n        <\/div>\n        <div class=\"image-title__text\">\n            <h2 class=\"title \">\n    HOTELLERIE<\/h2>\n        <\/div>\n    <\/div>\n\n<\/div>\n                            <\/div>\n                                                    <div class=\"block-sectors__element swiper-slide\">\n                                <div class=\"image-title\">\n    <div class=\"image-title__container\">\n        <div class=\"image-title__image\">\n            <img decoding=\"async\" class=\"image \" src=\"https:\/\/pro.wash-megroup.com\/wp-content\/uploads\/sites\/2\/2021\/09\/phoo-shoppingmall.png\" alt=\"phoo-shoppingmall.png\"\/>\n        <\/div>\n        <div class=\"image-title__text\">\n            <h2 class=\"title \">\n    CENTRES COMMERCIAUX<\/h2>\n        <\/div>\n    <\/div>\n\n<\/div>\n                            <\/div>\n                                        <\/div>\n            <\/div>\n        <\/div>\n    <\/div>\n<\/div>\n\n\n<div style=\"height:40px\" aria-hidden=\"true\" class=\"wp-block-spacer\"><\/div>\n\n\n<div class=\"block-icon-text-grid-b2b\">\n    <div class=\"block-icon-text-grid-b2b__container\">\n        <div class=\"block-icon-text-grid-b2b__title\">\n            <h2 class=\"title \">\n    3 mod\u00e8les d\u2019affaires adapt\u00e9s \u00e0 tous les profils<\/h2>\n        <\/div>\n                    <div class=\"block-icon-text-grid-b2b__wysiwyg\">\n                <div class=\"wysiwyg \">\n    <p>Que vous recherchiez un investissement solide, avec un retour sur investissement rapide, ou \u00e0 augmenter vos revenus sur votre site gr\u00e2ce \u00e0 un service attractif pour vos clients, les laveries Wash ME sont faites pour vous !<\/p>\n<\/div>\n            <\/div>\n                            <div class=\"block-icon-text-grid-b2b__block-list\">\n                                    \n<div class=\"title-text-icon block-icon-text-grid-b2b__block title-text-icon--wysiwyg title-text-icon--centered\">\n    <div class=\"title-text-icon__image\">\n        <img decoding=\"async\" class=\"image \" src=\"https:\/\/pro.wash-megroup.com\/wp-content\/uploads\/sites\/2\/2021\/09\/icon-hand-coin.png\" alt=\"icon-hand-coin.png\"\/>\n    <\/div>\n    <div class=\"title-text-icon__title\">\n        <h3 class=\"title \">\n    INVESTISSEUR<\/h3>\n    <\/div>\n            <div class=\"title-text-icon__wysiwyg\">\n                    <\/div>\n                <div class=\"title-text-icon__list\">\n            <div class=\"title-text-icon__list-elements\">\n                <span class=\"check-element-list  checked\">\n    Achat de l\u2019\u00e9quipement<\/span>\n<span class=\"check-element-list  checked\">\n    Travaux d&#039;installation et mise en route \u00e0 la charge de l\u2019investisseur<\/span>\n<span class=\"check-element-list  checked\">\n    En option : contrat de maintenance<\/span>\n<span class=\"check-element-list  checked\">\n    Consommables (lessive, assouplissant\u2026) \u00e0 la charge de l\u2019investisseur<\/span>\n            <\/div>\n        <\/div>\n        <a class=\"button button--centered button--with-icon icon-arrow-right title-text-icon__cta-link\" href=\"https:\/\/pro.wash-megroup.com\/fr-be\/contact\/\" target=\"\">\n    <span>Devenir investisseur<\/span>\n<\/a>\n    <\/div>\n                                \n<div class=\"title-text-icon block-icon-text-grid-b2b__block title-text-icon--wysiwyg title-text-icon--centered\">\n    <div class=\"title-text-icon__image\">\n        <img decoding=\"async\" class=\"image \" src=\"https:\/\/pro.wash-megroup.com\/wp-content\/uploads\/sites\/2\/2021\/11\/icon-contrat-bestseller2.png\" alt=\"icon-contrat-bestseller2.png\"\/>\n    <\/div>\n    <div class=\"title-text-icon__title\">\n        <h3 class=\"title \">\n    C\u00c9DANT (Commission)<\/h3>\n    <\/div>\n            <div class=\"title-text-icon__wysiwyg\">\n                    <\/div>\n                <div class=\"title-text-icon__list\">\n            <div class=\"title-text-icon__list-elements\">\n                <span class=\"check-element-list  checked\">\n    Commission sur le chiffre d\u2019affaires<\/span>\n<span class=\"check-element-list  checked\">\n    Service 100% cl\u00e9-en-main enti\u00e8rement op\u00e9r\u00e9 par nos \u00e9quipes<\/span>\n<span class=\"check-element-list  checked\">\n    \u00c9tude implantation<\/span>\n<span class=\"check-element-list  checked\">\n    Installation et mise en route (3jours)<\/span>\n<span class=\"check-element-list  checked\">\n    Maintenance sur toute la dur\u00e9e du contrat<\/span>\n<span class=\"check-element-list  checked\">\n    Consommables inclus (lessive, assouplissant\u2026)<\/span>\n<span class=\"check-element-list  checked\">\n    Help-line d\u00e9di\u00e9e 7j\/7 de 8h \u00e0 20h<\/span>\n<span class=\"check-element-list  checked\">\n    Service consommateur 7j\/7 &#8211; 24h\/24<\/span>\n<span class=\"check-element-list  checked\">\n    Support marketing<\/span>\n<span class=\"check-element-list  checked\">\n    Rapport d\u2019activit\u00e9 mensuels<\/span>\n            <\/div>\n        <\/div>\n        <a class=\"button button--centered button--with-icon icon-arrow-right title-text-icon__cta-link\" href=\"https:\/\/pro.wash-megroup.com\/fr-be\/contact\/\" target=\"\">\n    <span>Devenir c\u00e9dant<\/span>\n<\/a>\n    <\/div>\n                                \n<div class=\"title-text-icon block-icon-text-grid-b2b__block title-text-icon--wysiwyg title-text-icon--centered\">\n    <div class=\"title-text-icon__image\">\n        <img decoding=\"async\" class=\"image \" src=\"https:\/\/pro.wash-megroup.com\/wp-content\/uploads\/sites\/2\/2021\/09\/icon-handshake.png\" alt=\"icon-handshake.png\"\/>\n    <\/div>\n    <div class=\"title-text-icon__title\">\n        <h3 class=\"title \">\n    LOUEUR<\/h3>\n    <\/div>\n            <div class=\"title-text-icon__wysiwyg\">\n                    <\/div>\n                <div class=\"title-text-icon__list\">\n            <div class=\"title-text-icon__list-elements\">\n                <span class=\"check-element-list  checked\">\n    Location longue dur\u00e9e <\/span>\n<span class=\"check-element-list  checked\">\n    Installation et mise en route \u00e0 la charge de l\u2019investisseur<\/span>\n<span class=\"check-element-list  checked\">\n    Contrat de maintenance<\/span>\n<span class=\"check-element-list  checked\">\n    Consommables (lessive, assouplissant\u2026) \u00e0 la charge de l\u2019investisseur<\/span>\n            <\/div>\n        <\/div>\n        <a class=\"button button--centered button--with-icon icon-arrow-right title-text-icon__cta-link\" href=\"https:\/\/pro.wash-megroup.com\/fr-be\/contact\/\" target=\"\">\n    <span>Devenir loueur<\/span>\n<\/a>\n    <\/div>\n                        <\/div>\n            <\/div>\n<\/div>\n\n\n\n<div style=\"height:100px\" aria-hidden=\"true\" class=\"wp-block-spacer\"><\/div>\n\n\n<div class=\"block-video block-video--text-before block-video--bg-top\">\n    <div class=\"block-video__wrapper\">\n        <div class=\"block-video__container\">\n\t        \t\t        <div class=\"block-video__title-wrapper\">\n\t\t\t        <h2 class=\"title block-video__title title--size-m\">\n    UN SERVICE 100% CL\u00c9-EN-MAIN<\/h2>\n\t\t        <\/div>\n\t                                <div class=\"block-video__video\">\n                <iframe class=\"video \" src=\"https:\/\/player.vimeo.com\/video\/734740356\"\n        allow=\"autoplay; fullscreen; picture-in-picture\" allowfullscreen><\/iframe>\n            <\/div>\n                                <\/div>\n    <\/div>\n<\/div>\n\n\n<div class=\"block-icon-text-grid block-icon-text-grid--column-left-v2\">\n    <div class=\"block-icon-text-grid__container\">\n        <div class=\"block-icon-text-grid__title\">\n                    <\/div>\n                            <div class=\"block-icon-text-grid__block-list\">\n                                    \n<div class=\"title-text-icon block-icon-text-grid__block title-text-icon--wysiwyg title-text-icon--centered\">\n    <div class=\"title-text-icon__image\">\n        <img decoding=\"async\" class=\"image \" src=\"https:\/\/pro.wash-megroup.com\/wp-content\/uploads\/sites\/2\/2021\/09\/icon-square.png\" alt=\"icon-square.png\"\/>\n    <\/div>\n    <div class=\"title-text-icon__title\">\n        <h3 class=\"title \">\n    D\u00c9FINITION DE PROJET<\/h3>\n    <\/div>\n            <div class=\"title-text-icon__wysiwyg\">\n            <div class=\"wysiwyg \">\n    <p>D\u00e9finition du projet d\u2019implantation en amont avec notre \u00e9quipe commerciale terrain Le mod\u00e8le \u00e9tant de 4,7 m\u00b2 de surface au sol, l\u2019implantation ne n\u00e9cessite pas de permis de construire.<\/p>\n<\/div>\n        <\/div>\n        <\/div>\n                                \n<div class=\"title-text-icon block-icon-text-grid__block title-text-icon--wysiwyg title-text-icon--centered\">\n    <div class=\"title-text-icon__image\">\n        <img decoding=\"async\" class=\"image \" src=\"https:\/\/pro.wash-megroup.com\/wp-content\/uploads\/sites\/2\/2021\/09\/icon-tools.svg\" alt=\"icon-tools.svg\"\/>\n    <\/div>\n    <div class=\"title-text-icon__title\">\n        <h3 class=\"title \">\n    INSTALLATION ET ENTRETIEN<\/h3>\n    <\/div>\n            <div class=\"title-text-icon__wysiwyg\">\n            <div class=\"wysiwyg \">\n    <p>Nous nous occupons de tout. L\u2019installation se d\u00e9roule par nos \u00e9quipes d\u2019experts et se d\u00e9roule en moins de 3jours. Un entretien hebdomadaire des machines par l\u2019un de nos 280 techniciens de maintenance.<\/p>\n<\/div>\n        <\/div>\n        <\/div>\n                                \n<div class=\"title-text-icon block-icon-text-grid__block title-text-icon--wysiwyg title-text-icon--centered\">\n    <div class=\"title-text-icon__image\">\n        <img decoding=\"async\" class=\"image \" src=\"https:\/\/pro.wash-megroup.com\/wp-content\/uploads\/sites\/2\/2021\/09\/icon-world-laptop.svg\" alt=\"icon-world-laptop.svg\"\/>\n    <\/div>\n    <div class=\"title-text-icon__title\">\n        <h3 class=\"title \">\n    ACCOMPAGNEMENT<\/h3>\n    <\/div>\n            <div class=\"title-text-icon__wysiwyg\">\n            <div class=\"wysiwyg \">\n    <p>Un service consommateur joignable tous les jours (7j\/7 \u2013 24h\/24) pour accompagner les utilisateurs et un service d\u00e9di\u00e9 \u00e0 nos partenaires professionnels Une t\u00e9l\u00e9m\u00e9trie avanc\u00e9e pour mesurer en continu la consommation et monitorer les machines \u00e0 distance.<\/p>\n<\/div>\n        <\/div>\n        <\/div>\n                        <\/div>\n            <\/div>\n<\/div>\n\n\n\n<h2 class=\"wp-block-heading has-text-align-center\">R\u00c9USSIR ENSEMBLE<\/h2>\n\n\n\n<p>Nous \u00e9quipons vos points de vente de laveries automatiques professionnelles haut de gamme qui apportent \u00e0 vos clients un service de proximit\u00e9 pretium, utile et attractif. La raison de notre succ\u00e8s est simple : nous produisons des machines fiables, d\u00e9veloppons des technologies innovantes et apportons une assistance de premier plan \u00e0 nos clients.<\/p>\n\n\n\n<figure class=\"wp-block-image aligncenter size-full\"><img decoding=\"async\" width=\"552\" height=\"488\" src=\"https:\/\/pro.wash-megroup.com\/wp-content\/uploads\/sites\/2\/2021\/10\/GIF-SITE-REUSSIR-ENSEMBLE-light-1.gif\" alt=\"\" class=\"wp-image-757\"\/><\/figure>\n\n\n<div class=\"block-blue\">\n    <div class=\"block-blue__container\">\n        <div class=\"block-blue__title-wrapper\">\n            <h2 class=\"title block-blue__title title--size-m title--white\">\n    CONTACTEZ-NOUS<\/h2>\n        <\/div>\n        <div class=\"block-blue__text\">\n            <div class=\"text \">\n    <p>Contactez-nous pour conna\u00eetre d\u00e8s \u00e0 pr\u00e9sent nos solutions de financement et en savoir plus sur les solutions Wash ME.<\/p>\n<\/div>\n        <\/div>\n        <a class=\"link block-blue__cta-link button button--bordered-white button--with-icon icon-arrow-right\" href=\"https:\/\/pro.wash-megroup.com\/fr-be\/contact\/\" target=\"\">\n    <span>En savoir plus<\/span>\n<\/a>\n    <\/div>\n<\/div>\n","protected":false},"excerpt":{"rendered":"<p>INVESTIR DANS UNE LAVERIE AUTOMATIQUE Wash ME Ouvrir une laverie automatique Wash&#8230;<\/p>\n","protected":false},"author":1,"featured_media":0,"parent":0,"menu_order":0,"comment_status":"closed","ping_status":"closed","template":"","meta":{"_acf_changed":false,"footnotes":""},"class_list":["post-15753","page","type-page","status-publish","hentry"],"acf":[],"yoast_head":"<title>Investir dans une laverie automatique | Wash ME<\/title>\n<meta name=\"description\" content=\"Investir dans une laverie automatique Wash ME est tr\u00e8s simple, \u00e9conomique et tr\u00e8s rapide ! L&#039;offre Wash ME propose une gamme compl\u00e8te d&#039;\u00e9quipements.\" \/>\n<meta name=\"robots\" content=\"index, follow, max-snippet:-1, max-image-preview:large, max-video-preview:-1\" \/>\n<link rel=\"canonical\" href=\"https:\/\/pro.wash-megroup.com\/fr-be\/business-model\/\" \/>\n<meta property=\"og:locale\" content=\"fr_FR\" \/>\n<meta property=\"og:type\" content=\"article\" \/>\n<meta property=\"og:title\" content=\"Investir dans une laverie automatique | Wash ME\" \/>\n<meta property=\"og:description\" content=\"Investir dans une laverie automatique Wash ME est tr\u00e8s simple, \u00e9conomique et tr\u00e8s rapide ! L&#039;offre Wash ME propose une gamme compl\u00e8te d&#039;\u00e9quipements.\" \/>\n<meta property=\"og:url\" content=\"https:\/\/pro.wash-megroup.com\/fr-be\/business-model\/\" \/>\n<meta property=\"og:site_name\" content=\"B2B - Wash ME :\" \/>\n<meta property=\"article:modified_time\" content=\"2023-08-08T16:13:15+00:00\" \/>\n<meta property=\"og:image\" content=\"https:\/\/pro.wash-megroup.com\/wp-content\/uploads\/sites\/2\/2021\/10\/GIF-SITE-REUSSIR-ENSEMBLE-light-1.gif\" \/>\n<meta name=\"twitter:card\" content=\"summary_large_image\" \/>\n<meta name=\"twitter:label1\" content=\"Dur\u00e9e de lecture est.\" \/>\n\t<meta name=\"twitter:data1\" content=\"1 minute\" \/>\n<script type=\"application\/ld+json\" class=\"yoast-schema-graph\">{\"@context\":\"https:\/\/schema.org\",\"@graph\":[{\"@type\":\"WebPage\",\"@id\":\"https:\/\/pro.wash-megroup.com\/fr-be\/business-model\/\",\"url\":\"https:\/\/pro.wash-megroup.com\/fr-be\/business-model\/\",\"name\":\"Investir dans une laverie automatique | Wash ME\",\"isPartOf\":{\"@id\":\"https:\/\/pro.wash-megroup.com\/fr-be\/#website\"},\"primaryImageOfPage\":{\"@id\":\"https:\/\/pro.wash-megroup.com\/fr-be\/business-model\/#primaryimage\"},\"image\":{\"@id\":\"https:\/\/pro.wash-megroup.com\/fr-be\/business-model\/#primaryimage\"},\"thumbnailUrl\":\"https:\/\/pro.wash-megroup.com\/wp-content\/uploads\/sites\/2\/2021\/10\/GIF-SITE-REUSSIR-ENSEMBLE-light-1.gif\",\"datePublished\":\"2021-09-06T13:55:23+00:00\",\"dateModified\":\"2023-08-08T16:13:15+00:00\",\"description\":\"Investir dans une laverie automatique Wash ME est tr\u00e8s simple, \u00e9conomique et tr\u00e8s rapide ! L'offre Wash ME propose une gamme compl\u00e8te d'\u00e9quipements.\",\"breadcrumb\":{\"@id\":\"https:\/\/pro.wash-megroup.com\/fr-be\/business-model\/#breadcrumb\"},\"inLanguage\":\"fr-BE\",\"potentialAction\":[{\"@type\":\"ReadAction\",\"target\":[\"https:\/\/pro.wash-megroup.com\/fr-be\/business-model\/\"]}]},{\"@type\":\"ImageObject\",\"inLanguage\":\"fr-BE\",\"@id\":\"https:\/\/pro.wash-megroup.com\/fr-be\/business-model\/#primaryimage\",\"url\":\"https:\/\/pro.wash-megroup.com\/wp-content\/uploads\/sites\/2\/2021\/10\/GIF-SITE-REUSSIR-ENSEMBLE-light-1.gif\",\"contentUrl\":\"https:\/\/pro.wash-megroup.com\/wp-content\/uploads\/sites\/2\/2021\/10\/GIF-SITE-REUSSIR-ENSEMBLE-light-1.gif\"},{\"@type\":\"BreadcrumbList\",\"@id\":\"https:\/\/pro.wash-megroup.com\/fr-be\/business-model\/#breadcrumb\",\"itemListElement\":[{\"@type\":\"ListItem\",\"position\":1,\"name\":\"Home\",\"item\":\"https:\/\/pro.wash-megroup.com\/fr-be\/\"},{\"@type\":\"ListItem\",\"position\":2,\"name\":\"Business model\"}]},{\"@type\":\"WebSite\",\"@id\":\"https:\/\/pro.wash-megroup.com\/fr-be\/#website\",\"url\":\"https:\/\/pro.wash-megroup.com\/fr-be\/\",\"name\":\"B2B - Wash ME :\",\"description\":\"Acc\u00e9dez \u00e0 l&#039;espace professionnel\",\"potentialAction\":[{\"@type\":\"SearchAction\",\"target\":{\"@type\":\"EntryPoint\",\"urlTemplate\":\"https:\/\/pro.wash-megroup.com\/fr-be\/?s={search_term_string}\"},\"query-input\":{\"@type\":\"PropertyValueSpecification\",\"valueRequired\":true,\"valueName\":\"search_term_string\"}}],\"inLanguage\":\"fr-BE\"}]}<\/script>","yoast_head_json":{"title":"Investir dans une laverie automatique | Wash ME","description":"Investir dans une laverie automatique Wash ME est tr\u00e8s simple, \u00e9conomique et tr\u00e8s rapide ! L'offre Wash ME propose une gamme compl\u00e8te d'\u00e9quipements.","robots":{"index":"index","follow":"follow","max-snippet":"max-snippet:-1","max-image-preview":"max-image-preview:large","max-video-preview":"max-video-preview:-1"},"canonical":"https:\/\/pro.wash-megroup.com\/fr-be\/business-model\/","og_locale":"fr_FR","og_type":"article","og_title":"Investir dans une laverie automatique | Wash ME","og_description":"Investir dans une laverie automatique Wash ME est tr\u00e8s simple, \u00e9conomique et tr\u00e8s rapide ! L'offre Wash ME propose une gamme compl\u00e8te d'\u00e9quipements.","og_url":"https:\/\/pro.wash-megroup.com\/fr-be\/business-model\/","og_site_name":"B2B - Wash ME :","article_modified_time":"2023-08-08T16:13:15+00:00","og_image":[{"url":"https:\/\/pro.wash-megroup.com\/wp-content\/uploads\/sites\/2\/2021\/10\/GIF-SITE-REUSSIR-ENSEMBLE-light-1.gif","type":"","width":"","height":""}],"twitter_card":"summary_large_image","twitter_misc":{"Dur\u00e9e de lecture est.":"1 minute"},"schema":{"@context":"https:\/\/schema.org","@graph":[{"@type":"WebPage","@id":"https:\/\/pro.wash-megroup.com\/fr-be\/business-model\/","url":"https:\/\/pro.wash-megroup.com\/fr-be\/business-model\/","name":"Investir dans une laverie automatique | Wash ME","isPartOf":{"@id":"https:\/\/pro.wash-megroup.com\/fr-be\/#website"},"primaryImageOfPage":{"@id":"https:\/\/pro.wash-megroup.com\/fr-be\/business-model\/#primaryimage"},"image":{"@id":"https:\/\/pro.wash-megroup.com\/fr-be\/business-model\/#primaryimage"},"thumbnailUrl":"https:\/\/pro.wash-megroup.com\/wp-content\/uploads\/sites\/2\/2021\/10\/GIF-SITE-REUSSIR-ENSEMBLE-light-1.gif","datePublished":"2021-09-06T13:55:23+00:00","dateModified":"2023-08-08T16:13:15+00:00","description":"Investir dans une laverie automatique Wash ME est tr\u00e8s simple, \u00e9conomique et tr\u00e8s rapide ! L'offre Wash ME propose une gamme compl\u00e8te d'\u00e9quipements.","breadcrumb":{"@id":"https:\/\/pro.wash-megroup.com\/fr-be\/business-model\/#breadcrumb"},"inLanguage":"fr-BE","potentialAction":[{"@type":"ReadAction","target":["https:\/\/pro.wash-megroup.com\/fr-be\/business-model\/"]}]},{"@type":"ImageObject","inLanguage":"fr-BE","@id":"https:\/\/pro.wash-megroup.com\/fr-be\/business-model\/#primaryimage","url":"https:\/\/pro.wash-megroup.com\/wp-content\/uploads\/sites\/2\/2021\/10\/GIF-SITE-REUSSIR-ENSEMBLE-light-1.gif","contentUrl":"https:\/\/pro.wash-megroup.com\/wp-content\/uploads\/sites\/2\/2021\/10\/GIF-SITE-REUSSIR-ENSEMBLE-light-1.gif"},{"@type":"BreadcrumbList","@id":"https:\/\/pro.wash-megroup.com\/fr-be\/business-model\/#breadcrumb","itemListElement":[{"@type":"ListItem","position":1,"name":"Home","item":"https:\/\/pro.wash-megroup.com\/fr-be\/"},{"@type":"ListItem","position":2,"name":"Business model"}]},{"@type":"WebSite","@id":"https:\/\/pro.wash-megroup.com\/fr-be\/#website","url":"https:\/\/pro.wash-megroup.com\/fr-be\/","name":"B2B - Wash ME :","description":"Acc\u00e9dez \u00e0 l&#039;espace professionnel","potentialAction":[{"@type":"SearchAction","target":{"@type":"EntryPoint","urlTemplate":"https:\/\/pro.wash-megroup.com\/fr-be\/?s={search_term_string}"},"query-input":{"@type":"PropertyValueSpecification","valueRequired":true,"valueName":"search_term_string"}}],"inLanguage":"fr-BE"}]}},"_links":{"self":[{"href":"https:\/\/pro.wash-megroup.com\/fr-be\/wp-json\/wp\/v2\/pages\/15753","targetHints":{"allow":["GET"]}}],"collection":[{"href":"https:\/\/pro.wash-megroup.com\/fr-be\/wp-json\/wp\/v2\/pages"}],"about":[{"href":"https:\/\/pro.wash-megroup.com\/fr-be\/wp-json\/wp\/v2\/types\/page"}],"author":[{"embeddable":true,"href":"https:\/\/pro.wash-megroup.com\/fr-be\/wp-json\/wp\/v2\/users\/1"}],"replies":[{"embeddable":true,"href":"https:\/\/pro.wash-megroup.com\/fr-be\/wp-json\/wp\/v2\/comments?post=15753"}],"version-history":[{"count":4,"href":"https:\/\/pro.wash-megroup.com\/fr-be\/wp-json\/wp\/v2\/pages\/15753\/revisions"}],"predecessor-version":[{"id":16204,"href":"https:\/\/pro.wash-megroup.com\/fr-be\/wp-json\/wp\/v2\/pages\/15753\/revisions\/16204"}],"wp:attachment":[{"href":"https:\/\/pro.wash-megroup.com\/fr-be\/wp-json\/wp\/v2\/media?parent=15753"}],"curies":[{"name":"wp","href":"https:\/\/api.w.org\/{rel}","templated":true}]}}