{"id":15751,"date":"2021-09-22T18:21:21","date_gmt":"2021-09-22T16:21:21","guid":{"rendered":"https:\/\/pro.wash-megroup.com\/contact\/"},"modified":"2023-10-06T09:15:27","modified_gmt":"2023-10-06T07:15:27","slug":"contact","status":"publish","type":"page","link":"https:\/\/pro.wash-megroup.com\/fr-be\/contact\/","title":{"rendered":"Contact"},"content":{"rendered":"<div class=\"block-contact\">\n    <div class=\"block-contact__container\">\n        <div class=\"block-contact__title-wrapper\">\n            <h1 class=\"title block-contact__title title--size-m\">\n    Vous souhaitez vous \u00e9quiper d&#039;une laverie automatique Wash ME ? Discutons-en&nbsp;!<\/h1>\n        <\/div>\n        <div class=\"text block-contact__text\">\n    <p>Notre \u00e9quipe commerciale est \u00e0 votre \u00e9coute et vous accompagne tout au long de votre projet, de l&rsquo;\u00e9tique en amont \u00e0 la mise en service<\/p>\n<\/div>\n        <div class=\"block-contact__contact-subjects active\">\n            \t\t\t            <div class=\"block-contact__contact-card\">\n\t\t\t\t            \t\t\t            <\/div>\n\t\t\t            \t\n\t            \t            \n                    <\/div>\n        <div class=\"block-contact__contact-forms\">\n                                <div class=\"block-contact__contact-form block-contact__contact-form--0 active\">\n                        \n<div class=\"wpcf7 no-js\" id=\"wpcf7-f12251-o1\" lang=\"fr-BE\" dir=\"ltr\" data-wpcf7-id=\"12251\">\n<div class=\"screen-reader-response\"><p role=\"status\" aria-live=\"polite\" aria-atomic=\"true\"><\/p> <ul><\/ul><\/div>\n<form action=\"\/fr-be\/wp-json\/wp\/v2\/pages\/15751#wpcf7-f12251-o1\" method=\"post\" class=\"wpcf7-form init\" aria-label=\"Contact form\" novalidate=\"novalidate\" data-status=\"init\">\n<div style=\"display: none;\">\n<input type=\"hidden\" name=\"_wpcf7\" value=\"12251\" \/>\n<input type=\"hidden\" name=\"_wpcf7_version\" value=\"6.0.6\" \/>\n<input type=\"hidden\" name=\"_wpcf7_locale\" value=\"fr_BE\" \/>\n<input type=\"hidden\" name=\"_wpcf7_unit_tag\" value=\"wpcf7-f12251-o1\" \/>\n<input type=\"hidden\" name=\"_wpcf7_container_post\" value=\"0\" \/>\n<input type=\"hidden\" name=\"_wpcf7_posted_data_hash\" value=\"\" \/>\n<input type=\"hidden\" name=\"_wpcf7_recaptcha_response\" value=\"\" \/>\n<\/div>\n<p><span class=\"wpcf7-form-control-wrap\" data-name=\"firstname\"><input size=\"40\" maxlength=\"400\" class=\"wpcf7-form-control wpcf7-text wpcf7-validates-as-required\" aria-required=\"true\" aria-invalid=\"false\" placeholder=\"Nom *\" value=\"\" type=\"text\" name=\"firstname\" \/><\/span>\n<\/p>\n<p><span class=\"wpcf7-form-control-wrap\" data-name=\"lastname\"><input size=\"40\" maxlength=\"400\" class=\"wpcf7-form-control wpcf7-text wpcf7-validates-as-required\" aria-required=\"true\" aria-invalid=\"false\" placeholder=\"Pr\u00e9nom *\" value=\"\" type=\"text\" name=\"lastname\" \/><\/span>\n<\/p>\n<p><span class=\"wpcf7-form-control-wrap\" data-name=\"email\"><input size=\"40\" maxlength=\"400\" class=\"wpcf7-form-control wpcf7-email wpcf7-validates-as-required wpcf7-text wpcf7-validates-as-email\" aria-required=\"true\" aria-invalid=\"false\" placeholder=\"E-mail *\" value=\"\" type=\"email\" name=\"email\" \/><\/span>\n<\/p>\n<p><span class=\"wpcf7-form-control-wrap\" data-name=\"phone\"><input size=\"40\" maxlength=\"400\" class=\"wpcf7-form-control wpcf7-tel wpcf7-validates-as-required wpcf7-text wpcf7-validates-as-tel\" aria-required=\"true\" aria-invalid=\"false\" placeholder=\"T\u00e9l\u00e9phone *\" value=\"\" type=\"tel\" name=\"phone\" \/><\/span>\n<\/p>\n<p><span class=\"wpcf7-form-control-wrap\" data-name=\"activity\"><select class=\"wpcf7-form-control wpcf7-select wpcf7-validates-as-required select\" aria-required=\"true\" aria-invalid=\"false\" name=\"activity\"><option value=\"\">Activit\u00e9 de la soci\u00e9t\u00e9 *<\/option><option value=\"grande_surface_alimentaire\">Grande surface alimentaire<\/option><option value=\"grande_surface_specialise\">Grande surface sp\u00e9cialis\u00e9e<\/option><option value=\"station_essence\">Station essence<\/option><option value=\"centre_commercial\">Centre commercial<\/option><option value=\"etablissement_scolaire\">Etablissement scolaire<\/option><option value=\"etablissement_juridique\">Etablissement juridique<\/option><option value=\"etablissement_de_sante\">Etablissement de sant\u00e9<\/option><option value=\"gestionnaire_de_logement\">Gestionnaire de logements<\/option><option value=\"mairie\">Mairie<\/option><option value=\"bureau_de_tabac\">Bureau de tabac<\/option><option value=\"laverie_centre_ville\">Laverie centre-ville<\/option><option value=\"syndic\">Syndic<\/option><option value=\"ind\u00e9pendant\">Ind\u00e9pendant<\/option><option value=\"autre\">Autre professionnel<\/option><\/select><\/span>\n<\/p>\n<p><span class=\"wpcf7-form-control-wrap\" data-name=\"type\"><select class=\"wpcf7-form-control wpcf7-select wpcf7-validates-as-required select\" aria-required=\"true\" aria-invalid=\"false\" name=\"type\"><option value=\"\">Type de demande *<\/option><option value=\"cle_en_main\">Op\u00e9ration cl\u00e9-en-main<\/option><option value=\"location\">Location<\/option><option value=\"achat\">Achat<\/option><\/select><\/span>\n<\/p>\n<p><span class=\"wpcf7-form-control-wrap\" data-name=\"society\"><input size=\"40\" maxlength=\"400\" class=\"wpcf7-form-control wpcf7-text\" aria-invalid=\"false\" placeholder=\"Soci\u00e9t\u00e9\" value=\"\" type=\"text\" name=\"society\" \/><\/span>\n<\/p>\n<p><span class=\"wpcf7-form-control-wrap\" data-name=\"adress\"><input size=\"40\" maxlength=\"400\" class=\"wpcf7-form-control wpcf7-text wpcf7-validates-as-required\" aria-required=\"true\" aria-invalid=\"false\" placeholder=\"Adresse *\" value=\"\" type=\"text\" name=\"adress\" \/><\/span>\n<\/p>\n<p><span class=\"wpcf7-form-control-wrap\" data-name=\"adress2\"><input size=\"40\" maxlength=\"400\" class=\"wpcf7-form-control wpcf7-text\" aria-invalid=\"false\" placeholder=\"Compl\u00e9ment d&#039;adresse\" value=\"\" type=\"text\" name=\"adress2\" \/><\/span>\n<\/p>\n<p class=\"\"><br \/>\n<span class=\"wpcf7-form-control-wrap\" data-name=\"postcode\"><input size=\"40\" maxlength=\"400\" class=\"wpcf7-form-control wpcf7-text wpcf7-validates-as-required\" aria-required=\"true\" aria-invalid=\"false\" placeholder=\"Code postal *\" value=\"\" type=\"text\" name=\"postcode\" \/><\/span>\n<\/p>\n<p class=\"\"><br \/>\n<span class=\"wpcf7-form-control-wrap\" data-name=\"city\"><input size=\"40\" maxlength=\"400\" class=\"wpcf7-form-control wpcf7-text wpcf7-validates-as-required\" aria-required=\"true\" aria-invalid=\"false\" placeholder=\"Ville *\" value=\"\" type=\"text\" name=\"city\" \/><\/span>\n<\/p>\n<p class=\"\"><br \/>\n<span class=\"wpcf7-form-control-wrap\" data-name=\"country\"><select class=\"wpcf7-form-control wpcf7-select wpcf7-validates-as-required select\" aria-required=\"true\" aria-invalid=\"false\" name=\"country\"><option value=\"\">Pays *<\/option><option value=\"france\">France<\/option><option value=\"england\">Angleterre<\/option><option value=\"deutchland\">Allemagne<\/option><\/select><\/span>\n<\/p>\n<p class=\"fullwidth\"><br \/>\n<span class=\"wpcf7-form-control-wrap\" data-name=\"message\"><textarea cols=\"40\" rows=\"10\" maxlength=\"2000\" class=\"wpcf7-form-control wpcf7-textarea\" aria-invalid=\"false\" placeholder=\"Votre message (Max. 800 charact\u00e8res)\" name=\"message\"><\/textarea><\/span>\n<\/p>\n<p class=\"fullwidth padded\"><br \/>\n<span class=\"wpcf7-form-control-wrap\" data-name=\"newsletter\"><span class=\"wpcf7-form-control wpcf7-acceptance optional\"><span class=\"wpcf7-list-item\"><label><input type=\"checkbox\" name=\"newsletter\" value=\"1\" aria-invalid=\"false\" \/><span class=\"wpcf7-list-item-label\">Je souhaite m\u2019inscrire \u00e0 la newsletter<\/span><\/label><\/span><\/span><\/span>\n<\/p>\n<p class=\"fullwidth center\"><br \/>\n<input class=\"wpcf7-form-control wpcf7-submit has-spinner\" type=\"submit\" value=\"Envoyez\" \/>\n<\/p><div class=\"wpcf7-response-output\" aria-hidden=\"true\"><\/div>\n<\/form>\n<\/div>\n                    <\/div>\n                        <\/div>\n    <\/div>\n<\/div>","protected":false},"excerpt":{"rendered":"","protected":false},"author":1,"featured_media":0,"parent":0,"menu_order":0,"comment_status":"closed","ping_status":"closed","template":"","meta":{"_acf_changed":false,"footnotes":""},"class_list":["post-15751","page","type-page","status-publish","hentry"],"acf":[],"yoast_head":"<title>Contact - Wash ME<\/title>\n<meta name=\"robots\" content=\"index, follow, max-snippet:-1, max-image-preview:large, max-video-preview:-1\" \/>\n<link rel=\"canonical\" href=\"https:\/\/pro.wash-megroup.com\/fr-be\/contact\/\" \/>\n<meta property=\"og:locale\" content=\"fr_FR\" \/>\n<meta property=\"og:type\" content=\"article\" \/>\n<meta property=\"og:title\" content=\"Contact - Wash ME\" \/>\n<meta property=\"og:url\" content=\"https:\/\/pro.wash-megroup.com\/fr-be\/contact\/\" \/>\n<meta property=\"og:site_name\" content=\"B2B - Wash ME :\" \/>\n<meta property=\"article:modified_time\" content=\"2023-10-06T07:15:27+00:00\" \/>\n<meta name=\"twitter:card\" content=\"summary_large_image\" \/>\n<script type=\"application\/ld+json\" class=\"yoast-schema-graph\">{\"@context\":\"https:\/\/schema.org\",\"@graph\":[{\"@type\":\"WebPage\",\"@id\":\"https:\/\/pro.wash-megroup.com\/fr-be\/contact\/\",\"url\":\"https:\/\/pro.wash-megroup.com\/fr-be\/contact\/\",\"name\":\"Contact - Wash ME\",\"isPartOf\":{\"@id\":\"https:\/\/pro.wash-megroup.com\/fr-be\/#website\"},\"datePublished\":\"2021-09-22T16:21:21+00:00\",\"dateModified\":\"2023-10-06T07:15:27+00:00\",\"breadcrumb\":{\"@id\":\"https:\/\/pro.wash-megroup.com\/fr-be\/contact\/#breadcrumb\"},\"inLanguage\":\"fr-BE\",\"potentialAction\":[{\"@type\":\"ReadAction\",\"target\":[\"https:\/\/pro.wash-megroup.com\/fr-be\/contact\/\"]}]},{\"@type\":\"BreadcrumbList\",\"@id\":\"https:\/\/pro.wash-megroup.com\/fr-be\/contact\/#breadcrumb\",\"itemListElement\":[{\"@type\":\"ListItem\",\"position\":1,\"name\":\"Home\",\"item\":\"https:\/\/pro.wash-megroup.com\/fr-be\/\"},{\"@type\":\"ListItem\",\"position\":2,\"name\":\"Contact\"}]},{\"@type\":\"WebSite\",\"@id\":\"https:\/\/pro.wash-megroup.com\/fr-be\/#website\",\"url\":\"https:\/\/pro.wash-megroup.com\/fr-be\/\",\"name\":\"B2B - Wash ME :\",\"description\":\"Acc\u00e9dez \u00e0 l&#039;espace professionnel\",\"potentialAction\":[{\"@type\":\"SearchAction\",\"target\":{\"@type\":\"EntryPoint\",\"urlTemplate\":\"https:\/\/pro.wash-megroup.com\/fr-be\/?s={search_term_string}\"},\"query-input\":{\"@type\":\"PropertyValueSpecification\",\"valueRequired\":true,\"valueName\":\"search_term_string\"}}],\"inLanguage\":\"fr-BE\"}]}<\/script>","yoast_head_json":{"title":"Contact - Wash ME","robots":{"index":"index","follow":"follow","max-snippet":"max-snippet:-1","max-image-preview":"max-image-preview:large","max-video-preview":"max-video-preview:-1"},"canonical":"https:\/\/pro.wash-megroup.com\/fr-be\/contact\/","og_locale":"fr_FR","og_type":"article","og_title":"Contact - Wash ME","og_url":"https:\/\/pro.wash-megroup.com\/fr-be\/contact\/","og_site_name":"B2B - Wash ME :","article_modified_time":"2023-10-06T07:15:27+00:00","twitter_card":"summary_large_image","schema":{"@context":"https:\/\/schema.org","@graph":[{"@type":"WebPage","@id":"https:\/\/pro.wash-megroup.com\/fr-be\/contact\/","url":"https:\/\/pro.wash-megroup.com\/fr-be\/contact\/","name":"Contact - Wash ME","isPartOf":{"@id":"https:\/\/pro.wash-megroup.com\/fr-be\/#website"},"datePublished":"2021-09-22T16:21:21+00:00","dateModified":"2023-10-06T07:15:27+00:00","breadcrumb":{"@id":"https:\/\/pro.wash-megroup.com\/fr-be\/contact\/#breadcrumb"},"inLanguage":"fr-BE","potentialAction":[{"@type":"ReadAction","target":["https:\/\/pro.wash-megroup.com\/fr-be\/contact\/"]}]},{"@type":"BreadcrumbList","@id":"https:\/\/pro.wash-megroup.com\/fr-be\/contact\/#breadcrumb","itemListElement":[{"@type":"ListItem","position":1,"name":"Home","item":"https:\/\/pro.wash-megroup.com\/fr-be\/"},{"@type":"ListItem","position":2,"name":"Contact"}]},{"@type":"WebSite","@id":"https:\/\/pro.wash-megroup.com\/fr-be\/#website","url":"https:\/\/pro.wash-megroup.com\/fr-be\/","name":"B2B - Wash ME :","description":"Acc\u00e9dez \u00e0 l&#039;espace professionnel","potentialAction":[{"@type":"SearchAction","target":{"@type":"EntryPoint","urlTemplate":"https:\/\/pro.wash-megroup.com\/fr-be\/?s={search_term_string}"},"query-input":{"@type":"PropertyValueSpecification","valueRequired":true,"valueName":"search_term_string"}}],"inLanguage":"fr-BE"}]}},"_links":{"self":[{"href":"https:\/\/pro.wash-megroup.com\/fr-be\/wp-json\/wp\/v2\/pages\/15751","targetHints":{"allow":["GET"]}}],"collection":[{"href":"https:\/\/pro.wash-megroup.com\/fr-be\/wp-json\/wp\/v2\/pages"}],"about":[{"href":"https:\/\/pro.wash-megroup.com\/fr-be\/wp-json\/wp\/v2\/types\/page"}],"author":[{"embeddable":true,"href":"https:\/\/pro.wash-megroup.com\/fr-be\/wp-json\/wp\/v2\/users\/1"}],"replies":[{"embeddable":true,"href":"https:\/\/pro.wash-megroup.com\/fr-be\/wp-json\/wp\/v2\/comments?post=15751"}],"version-history":[{"count":2,"href":"https:\/\/pro.wash-megroup.com\/fr-be\/wp-json\/wp\/v2\/pages\/15751\/revisions"}],"predecessor-version":[{"id":17536,"href":"https:\/\/pro.wash-megroup.com\/fr-be\/wp-json\/wp\/v2\/pages\/15751\/revisions\/17536"}],"wp:attachment":[{"href":"https:\/\/pro.wash-megroup.com\/fr-be\/wp-json\/wp\/v2\/media?parent=15751"}],"curies":[{"name":"wp","href":"https:\/\/api.w.org\/{rel}","templated":true}]}}