{"id":15750,"date":"2022-09-07T14:23:07","date_gmt":"2022-09-07T12:23:07","guid":{"rendered":"https:\/\/pro.wash-megroup.com\/concept\/"},"modified":"2023-11-20T17:11:21","modified_gmt":"2023-11-20T16:11:21","slug":"concept","status":"publish","type":"page","link":"https:\/\/pro.wash-megroup.com\/fr-be\/concept\/","title":{"rendered":"Concept"},"content":{"rendered":"\n<h2 class=\"wp-block-heading has-text-align-center\" id=\"what-is-the-Wash-ME-laundrette-service\">QU\u2019EST-CE QUE LE SERVICE DE LAVERIE AUTOMATIQUE Wash ME ?<\/h2>\n\n\n\n<p>Une Wash ME est un module compact d\u2019\u00e9quipement de laverie automatique en libre-service qui int\u00e8gre des machines \u00e0 laver et \u00e0 s\u00e9cher professionnelles de grande capacit\u00e9, un syst\u00e8me de dosage de lessive et d\u2019assouplissant, ainsi que d\u2019autres options telles que le pr\u00e9lavage ou le d\u00e9sinfectant, une station de paiement et un abri pour les clients.<\/p>\n\n\n\n<figure class=\"wp-block-image size-large\"><img decoding=\"async\" width=\"1024\" height=\"341\" src=\"https:\/\/pro.wash-megroup.com\/wp-content\/uploads\/sites\/2\/2023\/10\/same-B2C-1024x341.jpg\" alt=\"\" class=\"wp-image-17014\" srcset=\"https:\/\/pro.wash-megroup.com\/wp-content\/uploads\/sites\/2\/2023\/10\/same-B2C-1024x341.jpg 1024w, https:\/\/pro.wash-megroup.com\/wp-content\/uploads\/sites\/2\/2023\/10\/same-B2C-300x100.jpg 300w, https:\/\/pro.wash-megroup.com\/wp-content\/uploads\/sites\/2\/2023\/10\/same-B2C-768x256.jpg 768w, https:\/\/pro.wash-megroup.com\/wp-content\/uploads\/sites\/2\/2023\/10\/same-B2C.jpg 1200w\" sizes=\"(max-width: 1024px) 100vw, 1024px\" \/><\/figure>\n\n\n\n<h2 class=\"wp-block-heading has-text-align-center\" id=\"a-strong-appeal\">UNE FORTE ATTRACTIVIT\u00c9<\/h2>\n\n\n\n<p>Nous vous offrons un service de proximit\u00e9 de haute qualit\u00e9 \u00e0 tr\u00e8s forte attractivit\u00e9 sur votre site. Gr\u00e2ce aux laveries Wash ME, vous augmentez le flux de clients et le temps pass\u00e9 en magasin, vous attirez de nouveaux consommateurs tout en fid\u00e9lisant vous clients habituels.<\/p>\n\n\n<div class=\"block-image-text-aside\">\n    <div class=\"block-image-text-aside__container\">\n        <div class=\"block-image-text-aside__title-wrapper\">\n                    <\/div>\n        <div class=\"block-image-text-aside__list\">\n                                <div class=\"block-image-text-aside__element\">\n                        <div class=\"image-text-aside image-text-aside--left\">\n    <div class=\"image-text-aside__container\">\n                    <div class=\"image-text-aside__image\">\n                <img decoding=\"async\" class=\"image \" src=\"https:\/\/pro.wash-megroup.com\/wp-content\/uploads\/sites\/2\/2023\/09\/LAVERIE_CONCEPT_IMAGE1.jpg\" alt=\"LAVERIE_CONCEPT_IMAGE1.jpg\"\/>\n            <\/div>\n                <div class=\"image-text-aside__text\">\n            <h2 class=\"title \">\n    POUR VOS CLIENTS<\/h2>\n            <div class=\"text \">\n    <p>Vos clients pourront laver leur linge pendant qu\u2019ils font leurs courses. Ils pourront laver de grosses quantit\u00e9s de linge ou des pi\u00e8ces volumineuses (rideaux, couettes, oreillers, tapis\u2026) en une seule fois en b\u00e9n\u00e9ficiant d\u2019un mat\u00e9riel professionnel \u00e0 un tarif attractif. Un service de proximit\u00e9 et facile d\u2019acc\u00e8s qui ravira vos clients.<\/p>\n<\/div>\n        <\/div>\n            <\/div>\n\n<\/div>\n                    <\/div>\n                                    <div class=\"block-image-text-aside__element\">\n                        <div class=\"image-text-aside image-text-aside--right\">\n    <div class=\"image-text-aside__container\">\n                <div class=\"image-text-aside__text\">\n            <h2 class=\"title \">\n    POUR VOTRE SITE<\/h2>\n            <div class=\"text \">\n    <p>Service \u00e0 valeur ajout\u00e9e pour satisfaire vos clients, les laveries Wash ME permettront d\u2019<strong>attirer une nouvelle client\u00e8le familiale et g\u00e9n\u00e9rer du trafic additionnel<\/strong> en augmentant le temps pass\u00e9 sur votre site. La dur\u00e9e de passage g\u00e9n\u00e9ralement constat\u00e9e est de 30 \u00e0 50 mn durant l\u2019utilisation de la laverie Wash ME. C\u2019est donc un levier d\u2019acquisition de nouveaux clients et de fid\u00e9lisation de votre client\u00e8le.<\/p>\n<\/div>\n        <\/div>\n                    <div class=\"image-text-aside__image\">\n                <img decoding=\"async\" class=\"image \" src=\"https:\/\/pro.wash-megroup.com\/wp-content\/uploads\/sites\/2\/2023\/09\/LAVERIE_CONCEPT_IMAGE2.jpg\" alt=\"LAVERIE_CONCEPT_IMAGE2.jpg\"\/>\n            <\/div>\n            <\/div>\n\n<\/div>\n                    <\/div>\n                        <\/div>\n    <\/div>\n\n<\/div>\n\n<div class=\"block-video block-video--text-after block-video--bg-top\">\n    <div class=\"block-video__wrapper\">\n        <div class=\"block-video__container\">\n\t        \t\t        <div class=\"block-video__title-wrapper\">\n\t\t\t        <h2 class=\"title block-video__title title--size-m\">\n    UN SERVICE 100% CL\u00c9-EN-MAIN<\/h2>\n\t\t        <\/div>\n\t                                <div class=\"block-video__video\">\n                <iframe class=\"video \" src=\"https:\/\/player.vimeo.com\/video\/693977801 \"\n        allow=\"autoplay; fullscreen; picture-in-picture\" allowfullscreen><\/iframe>\n            <\/div>\n                                <\/div>\n    <\/div>\n<\/div>\n\n\n<div class=\"block-icon-text-grid block-icon-text-grid--column-left-v2\">\n    <div class=\"block-icon-text-grid__container\">\n        <div class=\"block-icon-text-grid__title\">\n                    <\/div>\n                            <div class=\"block-icon-text-grid__block-list\">\n                                    \n<div class=\"title-text-icon block-icon-text-grid__block title-text-icon--wysiwyg title-text-icon--centered\">\n    <div class=\"title-text-icon__image\">\n        <img decoding=\"async\" class=\"image \" src=\"https:\/\/pro.wash-megroup.com\/wp-content\/uploads\/sites\/2\/2021\/09\/icon-square.png\" alt=\"icon-square.png\"\/>\n    <\/div>\n    <div class=\"title-text-icon__title\">\n        <h3 class=\"title \">\n    D\u00c9FINITION<\/h3>\n    <\/div>\n            <div class=\"title-text-icon__wysiwyg\">\n            <div class=\"wysiwyg \">\n    <p>D\u00e9finition du projet d\u2019implantation en amont avec notre \u00e9quipe commerciale terrain Le mod\u00e8le \u00e9tant de 4,7 m\u00b2 de surface au sol, l\u2019implantation ne n\u00e9cessite pas de permis de construire.<\/p>\n<\/div>\n        <\/div>\n        <\/div>\n                                \n<div class=\"title-text-icon block-icon-text-grid__block title-text-icon--wysiwyg title-text-icon--centered\">\n    <div class=\"title-text-icon__image\">\n        <img decoding=\"async\" class=\"image \" src=\"https:\/\/pro.wash-megroup.com\/wp-content\/uploads\/sites\/2\/2021\/09\/icon-tools.svg\" alt=\"icon-tools.svg\"\/>\n    <\/div>\n    <div class=\"title-text-icon__title\">\n        <h3 class=\"title \">\n    INSTALLATION ET ENTRETIEN<\/h3>\n    <\/div>\n            <div class=\"title-text-icon__wysiwyg\">\n            <div class=\"wysiwyg \">\n    <p>Nous nous occupons de tout. L\u2019installation se d\u00e9roule par nos \u00e9quipes d\u2019experts et se d\u00e9roule en moins de 3jours. Un entretien hebdomadaire des machines par l\u2019un de nos 280 techniciens de maintenance.<\/p>\n<\/div>\n        <\/div>\n        <\/div>\n                                \n<div class=\"title-text-icon block-icon-text-grid__block title-text-icon--wysiwyg title-text-icon--centered\">\n    <div class=\"title-text-icon__image\">\n        <img decoding=\"async\" class=\"image \" src=\"https:\/\/pro.wash-megroup.com\/wp-content\/uploads\/sites\/2\/2021\/09\/icon-world-laptop.svg\" alt=\"icon-world-laptop.svg\"\/>\n    <\/div>\n    <div class=\"title-text-icon__title\">\n        <h3 class=\"title \">\n    ACCOMPAGNEMENT<\/h3>\n    <\/div>\n            <div class=\"title-text-icon__wysiwyg\">\n            <div class=\"wysiwyg \">\n    <p>Un service consommateur joignable tous les jours (7j\/7 \u2013 24h\/24) pour accompagner les utilisateurs un service d\u00e9di\u00e9 \u00e0 nos partenaires professionnels Une t\u00e9l\u00e9m\u00e9trie avanc\u00e9e pour mesurer en continu la consommation et monitorer les machines \u00e0 distance.<\/p>\n<\/div>\n        <\/div>\n        <\/div>\n                        <\/div>\n            <\/div>\n<\/div>\n\n\n<div class=\"block-video block-video--text-before block-video--bg-bottom\">\n    <div class=\"block-video__wrapper\">\n        <div class=\"block-video__container\">\n\t        \t\t        <div class=\"block-video__title-wrapper\">\n\t\t\t        <h2 class=\"title block-video__title title--size-m\">\n    PLONGEZ DANS LA Wash ME<\/h2>\n\t\t        <\/div>\n\t                                    <div class=\"block-video__text\">\n                    <div class=\"text \">\n    Vous voulez savoir comment fonctionne une laverie automatique Wash ME ? L\u2019utilisation d\u2019une laverie Wash ME est simple et rapide, m\u00eame pour une premi\u00e8re utilisation. D\u00e9couvrez le mode d\u2019emploi en vid\u00e9o :<\/div>\n                <\/div>\n                        <div class=\"block-video__video\">\n                <iframe class=\"video \" src=\"https:\/\/player.vimeo.com\/video\/579786984\"\n        allow=\"autoplay; fullscreen; picture-in-picture\" allowfullscreen><\/iframe>\n            <\/div>\n                                <\/div>\n    <\/div>\n<\/div>\n\n\n<div class=\"block-icon-slider block-icon-slider--no-image\">\n\n    <div class=\"block-icon-slider__container\">\n        <div class=\"block-icon-slider__content\">\n            <div class=\"block-icon-slider__title\">\n                <h2 class=\"title title--primary title--size-m\">\n                <div class=\" \">\n    <p>SIMPLICIT\u00c9, \u00c9COLOGIE ET PERFORMANCE<\/p>\n<\/div>\n                <\/h2>\n            <\/div>\n                    <\/div>\n                <div class=\"block-icon-slider__slider\">\n            <div class=\"block-icon-slider__swiper-container swiper-container\">\n                <div class=\"block-icon-slider__swiper-wrapper swiper-wrapper\">\n                                                                    <div class=\"block-icon-slider__slide swiper-slide\">\n                            <div class=\"icon-text block-icon-slider__icon-text icon-text--centered\" target=\"self\">\n    <div class=\"icon-text__icon\">\n        <img decoding=\"async\" class=\"image \" src=\"https:\/\/pro.wash-megroup.com\/wp-content\/uploads\/sites\/2\/2021\/09\/icon_laundry@2x.png\" alt=\"icon_laundry@2x.png\"\/>\n    <\/div>\n    <div class=\"icon-text__text\">\n        <div class=\"text \">\n    Lessive \u00e9cologique hypoallerg\u00e9nique incluse<\/div>\n    <\/div>\n<\/div>\n                        <\/div>\n                                                                    <div class=\"block-icon-slider__slide swiper-slide\">\n                            <div class=\"icon-text block-icon-slider__icon-text icon-text--centered\" target=\"self\">\n    <div class=\"icon-text__icon\">\n        <img decoding=\"async\" class=\"image \" src=\"https:\/\/pro.wash-megroup.com\/wp-content\/uploads\/sites\/2\/2021\/09\/PICTOS_SITE_alerteSMS-2.png\" alt=\"PICTOS_SITE_alerteSMS-2.png\"\/>\n    <\/div>\n    <div class=\"icon-text__text\">\n        <div class=\"text \">\n    Alerte SMS pour pr\u00e9venir avant la fin du cycle<\/div>\n    <\/div>\n<\/div>\n                        <\/div>\n                                                                    <div class=\"block-icon-slider__slide swiper-slide\">\n                            <div class=\"icon-text block-icon-slider__icon-text icon-text--centered\" target=\"self\">\n    <div class=\"icon-text__icon\">\n        <img decoding=\"async\" class=\"image \" src=\"https:\/\/pro.wash-megroup.com\/wp-content\/uploads\/sites\/2\/2021\/09\/PICTOS_SITE_18KG.png\" alt=\"PICTOS_SITE_18KG.png\"\/>\n    <\/div>\n    <div class=\"icon-text__text\">\n        <div class=\"text \">\n    Id\u00e9ale pour nettoyer les grosses pi\u00e8ces jusqu\u2019\u00e0 18kg<\/div>\n    <\/div>\n<\/div>\n                        <\/div>\n                                                                    <div class=\"block-icon-slider__slide swiper-slide\">\n                            <div class=\"icon-text block-icon-slider__icon-text icon-text--centered\" target=\"self\">\n    <div class=\"icon-text__icon\">\n        <img decoding=\"async\" class=\"image \" src=\"https:\/\/pro.wash-megroup.com\/wp-content\/uploads\/sites\/2\/2021\/09\/PICTOS_SITE_assistance.png\" alt=\"PICTOS_SITE_assistance.png\"\/>\n    <\/div>\n    <div class=\"icon-text__text\">\n        <div class=\"text \">\n    Service consommateur 7j\/7 \u2013 24h\/24<\/div>\n    <\/div>\n<\/div>\n                        <\/div>\n                                                                    <div class=\"block-icon-slider__slide swiper-slide\">\n                            <div class=\"icon-text block-icon-slider__icon-text icon-text--centered\" target=\"self\">\n    <div class=\"icon-text__icon\">\n        <img decoding=\"async\" class=\"image \" src=\"https:\/\/pro.wash-megroup.com\/wp-content\/uploads\/sites\/2\/2021\/09\/PICTOS_SITE_paiement.png\" alt=\"PICTOS_SITE_paiement.png\"\/>\n    <\/div>\n    <div class=\"icon-text__text\">\n        <div class=\"text \">\n    Tous moyens de paiement \u2013 Paiement sans contact<\/div>\n    <\/div>\n<\/div>\n                        <\/div>\n                                                                    <div class=\"block-icon-slider__slide swiper-slide\">\n                            <div class=\"icon-text block-icon-slider__icon-text icon-text--centered\" target=\"self\">\n    <div class=\"icon-text__icon\">\n        <img decoding=\"async\" class=\"image \" src=\"https:\/\/pro.wash-megroup.com\/wp-content\/uploads\/sites\/2\/2021\/09\/PICTOS_SITE_securiter.png\" alt=\"PICTOS_SITE_securiter.png\"\/>\n    <\/div>\n    <div class=\"icon-text__text\">\n        <div class=\"text \">\n    Machines s\u00e9curis\u00e9es<\/div>\n    <\/div>\n<\/div>\n                        <\/div>\n                                                                    <div class=\"block-icon-slider__slide swiper-slide\">\n                            <div class=\"icon-text block-icon-slider__icon-text icon-text--centered\" target=\"self\">\n    <div class=\"icon-text__icon\">\n        <img decoding=\"async\" class=\"image \" src=\"https:\/\/pro.wash-megroup.com\/wp-content\/uploads\/sites\/2\/2021\/09\/PICTOS_SITE_PMR.png\" alt=\"PICTOS_SITE_PMR.png\"\/>\n    <\/div>\n    <div class=\"icon-text__text\">\n        <div class=\"text \">\n    Accessible aux personnes \u00e0 mobilit\u00e9 r\u00e9duite<\/div>\n    <\/div>\n<\/div>\n                        <\/div>\n                                                                    <div class=\"block-icon-slider__slide swiper-slide\">\n                            <div class=\"icon-text block-icon-slider__icon-text icon-text--centered\" target=\"self\">\n    <div class=\"icon-text__icon\">\n        <img decoding=\"async\" class=\"image \" src=\"https:\/\/pro.wash-megroup.com\/wp-content\/uploads\/sites\/2\/2021\/09\/PICTOS_SITE_chrono-1.png\" alt=\"PICTOS_SITE_chrono-1.png\"\/>\n    <\/div>\n    <div class=\"icon-text__text\">\n        <div class=\"text \">\n    Lavage rapide (30 mn) et s\u00e9chage (\u00e0 partir de 15 mn)<\/div>\n    <\/div>\n<\/div>\n                        <\/div>\n                                    <\/div>\n                <button\n    class=\"swiper-navigation-button block-icon-slider__slider-button block-icon-slider__slider-button--prev swiper-navigation-button--arrow-only swiper-navigation-button--color-white swiper-navigation-button--prev swiper-button-prev\"\n><\/button>\n<button\n    class=\"swiper-navigation-button block-icon-slider__slider-button block-icon-slider__slider-button--next swiper-navigation-button--arrow-only swiper-navigation-button--color-white swiper-navigation-button--next swiper-button-next\"\n><\/button>\n<div class=\"swiper-pagination block-icon-slider__pagination swiper-pagination--primary\"><\/div>\n            <\/div>\n        <\/div>\n            <\/div>\n    \n<\/div>\n\n\n<div style=\"height:30px\" aria-hidden=\"true\" class=\"wp-block-spacer\"><\/div>\n\n\n\n<h2 class=\"wp-block-heading\" id=\"discover-the-range-of-Wash-ME-laundry-laundrettes\">D\u00c9COUVREZ LA GAMME DE LAVERIES AUTOMATIQUES Wash ME<\/h2>\n\n\n\n<p>La gamme de laveries automatiques Wash ME propose une gamme compl\u00e8te d\u2019\u00e9quipements fiables, \u00e9volutifs avec diff\u00e9rentes tailles\/empreintes pour des emplacements int\u00e9rieurs et ext\u00e9rieurs.<\/p>\n\n\n\n    <section class=\"block-slide-laundries block-slide-laundries--single\">\n        <div class=\"block-slide-laundries__swiper-container swiper-container\">\n            <div class=\"block-slide-laundries__swiper-wrapper swiper-wrapper\">\n                \n<div class=\"laundry__wrapper laundry__wrapper--single swiper-slide\">\n            <a href=\"https:\/\/pro.wash-megroup.com\/fr-be\/laundry\/compact-v3\/\">\n            <div class=\"laundry__image\">\n                <img decoding=\"async\" class=\"image \" src=\"https:\/\/pro.wash-megroup.com\/wp-content\/uploads\/sites\/2\/2021\/09\/thumnail_machines_COMPACT-V3X.png\" alt=\"thumnail_machines_COMPACT-V3X.png\"\/>\n            <\/div>\n            <div class=\"laundry__texts\">\n                <div class=\"laundry__title\">\n                    <h2 class=\"title title--size-s\">\n    Compact V3<\/h2>\n                <\/div>\n                <div class=\"laundry__subtitle\">\n                    <div class=\"wysiwyg title--subtitle\">\n    Praticit\u00e9 et performance<\/div>\n                <\/div>\n            <\/div>\n        <\/a>\n    <\/div>\n\n<div class=\"laundry__wrapper laundry__wrapper--single swiper-slide\">\n            <a href=\"https:\/\/pro.wash-megroup.com\/fr-be\/laundry\/flex\/\">\n            <div class=\"laundry__image\">\n                <img decoding=\"async\" class=\"image \" src=\"https:\/\/pro.wash-megroup.com\/wp-content\/uploads\/sites\/2\/2021\/09\/thumnail_machines_FLEX.png\" alt=\"thumnail_machines_FLEX.png\"\/>\n            <\/div>\n            <div class=\"laundry__texts\">\n                <div class=\"laundry__title\">\n                    <h2 class=\"title title--size-s\">\n    FLEX<\/h2>\n                <\/div>\n                <div class=\"laundry__subtitle\">\n                    <div class=\"wysiwyg title--subtitle\">\n    Compacte et 2-en-1<\/div>\n                <\/div>\n            <\/div>\n        <\/a>\n    <\/div>\n            <\/div>\n            <button\n    class=\"swiper-navigation-button block-slide-laundries__slider-button block-slide-laundries__slider-button--prev swiper-navigation-button--arrow-only swiper-navigation-button--prev swiper-button-prev\"\n><\/button>\n<button\n    class=\"swiper-navigation-button block-slide-laundries__slider-button block-slide-laundries__slider-button--next swiper-navigation-button--arrow-only swiper-navigation-button--next swiper-button-next\"\n><\/button>\n<div class=\"swiper-pagination block-slide-laundries__slider-pagination\"><\/div>\n        <\/div>\n    <\/section>\n\n\n\n<div style=\"height:20px\" aria-hidden=\"true\" class=\"wp-block-spacer\"><\/div>\n\n\n<div class=\"block-blue\">\n    <div class=\"block-blue__container\">\n        <div class=\"block-blue__title-wrapper\">\n            <h2 class=\"title block-blue__title title--size-m title--white\">\n    NOTRE BUSINESS MODEL<\/h2>\n        <\/div>\n        <div class=\"block-blue__text\">\n            <div class=\"text \">\n    <p>D\u00e9couvrez vite le <em>Business Model<\/em> de Wash ME<\/p>\n<\/div>\n        <\/div>\n        <a class=\"link block-blue__cta-link button button--bordered-white button--with-icon icon-arrow-right\" href=\"https:\/\/pro.wash-megroup.com\/fr-be\/business-model\/\" target=\"\">\n    <span>En savoir plus<\/span>\n<\/a>\n    <\/div>\n<\/div>\n","protected":false},"excerpt":{"rendered":"<p>QU\u2019EST-CE QUE LE SERVICE DE LAVERIE AUTOMATIQUE Wash ME ? Une Wash&#8230;<\/p>\n","protected":false},"author":1,"featured_media":0,"parent":0,"menu_order":0,"comment_status":"closed","ping_status":"closed","template":"","meta":{"_acf_changed":false,"footnotes":""},"class_list":["post-15750","page","type-page","status-publish","hentry"],"acf":[],"yoast_head":"<title>Concept - Wash ME<\/title>\n<meta name=\"robots\" content=\"index, follow, max-snippet:-1, max-image-preview:large, max-video-preview:-1\" \/>\n<link rel=\"canonical\" href=\"https:\/\/pro.wash-megroup.com\/fr-be\/concept\/\" \/>\n<meta property=\"og:locale\" content=\"fr_FR\" \/>\n<meta property=\"og:type\" content=\"article\" \/>\n<meta property=\"og:title\" content=\"Concept - Wash ME\" \/>\n<meta property=\"og:description\" content=\"QU\u2019EST-CE QUE LE SERVICE DE LAVERIE AUTOMATIQUE Wash ME ? Une Wash...\" \/>\n<meta property=\"og:url\" content=\"https:\/\/pro.wash-megroup.com\/fr-be\/concept\/\" \/>\n<meta property=\"og:site_name\" content=\"B2B - Wash ME :\" \/>\n<meta property=\"article:modified_time\" content=\"2023-11-20T16:11:21+00:00\" \/>\n<meta property=\"og:image\" content=\"https:\/\/pro.wash-megroup.com\/wp-content\/uploads\/sites\/2\/2023\/10\/same-B2C-1024x341.jpg\" \/>\n<meta name=\"twitter:card\" content=\"summary_large_image\" \/>\n<meta name=\"twitter:label1\" content=\"Dur\u00e9e de lecture est.\" \/>\n\t<meta name=\"twitter:data1\" content=\"1 minute\" \/>\n<script type=\"application\/ld+json\" class=\"yoast-schema-graph\">{\"@context\":\"https:\/\/schema.org\",\"@graph\":[{\"@type\":\"WebPage\",\"@id\":\"https:\/\/pro.wash-megroup.com\/fr-be\/concept\/\",\"url\":\"https:\/\/pro.wash-megroup.com\/fr-be\/concept\/\",\"name\":\"Concept - Wash ME\",\"isPartOf\":{\"@id\":\"https:\/\/pro.wash-megroup.com\/fr-be\/#website\"},\"primaryImageOfPage\":{\"@id\":\"https:\/\/pro.wash-megroup.com\/fr-be\/concept\/#primaryimage\"},\"image\":{\"@id\":\"https:\/\/pro.wash-megroup.com\/fr-be\/concept\/#primaryimage\"},\"thumbnailUrl\":\"https:\/\/pro.wash-megroup.com\/wp-content\/uploads\/sites\/2\/2023\/10\/same-B2C-1024x341.jpg\",\"datePublished\":\"2022-09-07T12:23:07+00:00\",\"dateModified\":\"2023-11-20T16:11:21+00:00\",\"breadcrumb\":{\"@id\":\"https:\/\/pro.wash-megroup.com\/fr-be\/concept\/#breadcrumb\"},\"inLanguage\":\"fr-BE\",\"potentialAction\":[{\"@type\":\"ReadAction\",\"target\":[\"https:\/\/pro.wash-megroup.com\/fr-be\/concept\/\"]}]},{\"@type\":\"ImageObject\",\"inLanguage\":\"fr-BE\",\"@id\":\"https:\/\/pro.wash-megroup.com\/fr-be\/concept\/#primaryimage\",\"url\":\"https:\/\/pro.wash-megroup.com\/wp-content\/uploads\/sites\/2\/2023\/10\/same-B2C-1024x341.jpg\",\"contentUrl\":\"https:\/\/pro.wash-megroup.com\/wp-content\/uploads\/sites\/2\/2023\/10\/same-B2C-1024x341.jpg\"},{\"@type\":\"BreadcrumbList\",\"@id\":\"https:\/\/pro.wash-megroup.com\/fr-be\/concept\/#breadcrumb\",\"itemListElement\":[{\"@type\":\"ListItem\",\"position\":1,\"name\":\"Home\",\"item\":\"https:\/\/pro.wash-megroup.com\/fr-be\/\"},{\"@type\":\"ListItem\",\"position\":2,\"name\":\"Concept\"}]},{\"@type\":\"WebSite\",\"@id\":\"https:\/\/pro.wash-megroup.com\/fr-be\/#website\",\"url\":\"https:\/\/pro.wash-megroup.com\/fr-be\/\",\"name\":\"B2B - Wash ME :\",\"description\":\"Acc\u00e9dez \u00e0 l&#039;espace professionnel\",\"potentialAction\":[{\"@type\":\"SearchAction\",\"target\":{\"@type\":\"EntryPoint\",\"urlTemplate\":\"https:\/\/pro.wash-megroup.com\/fr-be\/?s={search_term_string}\"},\"query-input\":{\"@type\":\"PropertyValueSpecification\",\"valueRequired\":true,\"valueName\":\"search_term_string\"}}],\"inLanguage\":\"fr-BE\"}]}<\/script>","yoast_head_json":{"title":"Concept - Wash ME","robots":{"index":"index","follow":"follow","max-snippet":"max-snippet:-1","max-image-preview":"max-image-preview:large","max-video-preview":"max-video-preview:-1"},"canonical":"https:\/\/pro.wash-megroup.com\/fr-be\/concept\/","og_locale":"fr_FR","og_type":"article","og_title":"Concept - Wash ME","og_description":"QU\u2019EST-CE QUE LE SERVICE DE LAVERIE AUTOMATIQUE Wash ME ? Une Wash...","og_url":"https:\/\/pro.wash-megroup.com\/fr-be\/concept\/","og_site_name":"B2B - Wash ME :","article_modified_time":"2023-11-20T16:11:21+00:00","og_image":[{"url":"https:\/\/pro.wash-megroup.com\/wp-content\/uploads\/sites\/2\/2023\/10\/same-B2C-1024x341.jpg","type":"","width":"","height":""}],"twitter_card":"summary_large_image","twitter_misc":{"Dur\u00e9e de lecture est.":"1 minute"},"schema":{"@context":"https:\/\/schema.org","@graph":[{"@type":"WebPage","@id":"https:\/\/pro.wash-megroup.com\/fr-be\/concept\/","url":"https:\/\/pro.wash-megroup.com\/fr-be\/concept\/","name":"Concept - Wash ME","isPartOf":{"@id":"https:\/\/pro.wash-megroup.com\/fr-be\/#website"},"primaryImageOfPage":{"@id":"https:\/\/pro.wash-megroup.com\/fr-be\/concept\/#primaryimage"},"image":{"@id":"https:\/\/pro.wash-megroup.com\/fr-be\/concept\/#primaryimage"},"thumbnailUrl":"https:\/\/pro.wash-megroup.com\/wp-content\/uploads\/sites\/2\/2023\/10\/same-B2C-1024x341.jpg","datePublished":"2022-09-07T12:23:07+00:00","dateModified":"2023-11-20T16:11:21+00:00","breadcrumb":{"@id":"https:\/\/pro.wash-megroup.com\/fr-be\/concept\/#breadcrumb"},"inLanguage":"fr-BE","potentialAction":[{"@type":"ReadAction","target":["https:\/\/pro.wash-megroup.com\/fr-be\/concept\/"]}]},{"@type":"ImageObject","inLanguage":"fr-BE","@id":"https:\/\/pro.wash-megroup.com\/fr-be\/concept\/#primaryimage","url":"https:\/\/pro.wash-megroup.com\/wp-content\/uploads\/sites\/2\/2023\/10\/same-B2C-1024x341.jpg","contentUrl":"https:\/\/pro.wash-megroup.com\/wp-content\/uploads\/sites\/2\/2023\/10\/same-B2C-1024x341.jpg"},{"@type":"BreadcrumbList","@id":"https:\/\/pro.wash-megroup.com\/fr-be\/concept\/#breadcrumb","itemListElement":[{"@type":"ListItem","position":1,"name":"Home","item":"https:\/\/pro.wash-megroup.com\/fr-be\/"},{"@type":"ListItem","position":2,"name":"Concept"}]},{"@type":"WebSite","@id":"https:\/\/pro.wash-megroup.com\/fr-be\/#website","url":"https:\/\/pro.wash-megroup.com\/fr-be\/","name":"B2B - Wash ME :","description":"Acc\u00e9dez \u00e0 l&#039;espace professionnel","potentialAction":[{"@type":"SearchAction","target":{"@type":"EntryPoint","urlTemplate":"https:\/\/pro.wash-megroup.com\/fr-be\/?s={search_term_string}"},"query-input":{"@type":"PropertyValueSpecification","valueRequired":true,"valueName":"search_term_string"}}],"inLanguage":"fr-BE"}]}},"_links":{"self":[{"href":"https:\/\/pro.wash-megroup.com\/fr-be\/wp-json\/wp\/v2\/pages\/15750","targetHints":{"allow":["GET"]}}],"collection":[{"href":"https:\/\/pro.wash-megroup.com\/fr-be\/wp-json\/wp\/v2\/pages"}],"about":[{"href":"https:\/\/pro.wash-megroup.com\/fr-be\/wp-json\/wp\/v2\/types\/page"}],"author":[{"embeddable":true,"href":"https:\/\/pro.wash-megroup.com\/fr-be\/wp-json\/wp\/v2\/users\/1"}],"replies":[{"embeddable":true,"href":"https:\/\/pro.wash-megroup.com\/fr-be\/wp-json\/wp\/v2\/comments?post=15750"}],"version-history":[{"count":5,"href":"https:\/\/pro.wash-megroup.com\/fr-be\/wp-json\/wp\/v2\/pages\/15750\/revisions"}],"predecessor-version":[{"id":18342,"href":"https:\/\/pro.wash-megroup.com\/fr-be\/wp-json\/wp\/v2\/pages\/15750\/revisions\/18342"}],"wp:attachment":[{"href":"https:\/\/pro.wash-megroup.com\/fr-be\/wp-json\/wp\/v2\/media?parent=15750"}],"curies":[{"name":"wp","href":"https:\/\/api.w.org\/{rel}","templated":true}]}}