{"id":15151,"date":"2022-10-18T17:09:55","date_gmt":"2022-10-18T15:09:55","guid":{"rendered":"https:\/\/pro.wash-megroup.com\/concepto\/"},"modified":"2023-10-04T14:50:22","modified_gmt":"2023-10-04T12:50:22","slug":"concepto","status":"publish","type":"page","link":"https:\/\/pro.wash-megroup.com\/es-es\/concepto\/","title":{"rendered":"Concepto"},"content":{"rendered":"\n<h2 class=\"wp-block-heading has-text-align-center\" id=\"what-is-the-Wash-ME-laundrette-service\">\u00bfQU\u00c9 ES EL SERVICIO DE LAVANDER\u00cdA AUTOM\u00c1TICA Wash ME?<\/h2>\n\n\n\n<p>Wash ME es un m\u00f3dulo compacto de equipos de lavander\u00eda autom\u00e1ticos de autoservicio que integra lavadoras y secadoras profesionales de gran capacidad, un sistema de dosificaci\u00f3n de detergente y suavizante, as\u00ed como otras opciones como prelavado o desinfecci\u00f3n, un puesto de pago y una zona para clientes.<\/p>\n\n\n\n<figure class=\"wp-block-image size-large\"><img decoding=\"async\" width=\"1024\" height=\"341\" src=\"https:\/\/pro.wash-megroup.com\/wp-content\/uploads\/sites\/2\/2023\/10\/same-B2C-1-1024x341.jpg\" alt=\"\" class=\"wp-image-17359\" srcset=\"https:\/\/pro.wash-megroup.com\/wp-content\/uploads\/sites\/2\/2023\/10\/same-B2C-1-1024x341.jpg 1024w, https:\/\/pro.wash-megroup.com\/wp-content\/uploads\/sites\/2\/2023\/10\/same-B2C-1-300x100.jpg 300w, https:\/\/pro.wash-megroup.com\/wp-content\/uploads\/sites\/2\/2023\/10\/same-B2C-1-768x256.jpg 768w, https:\/\/pro.wash-megroup.com\/wp-content\/uploads\/sites\/2\/2023\/10\/same-B2C-1.jpg 1200w\" sizes=\"(max-width: 1024px) 100vw, 1024px\" \/><\/figure>\n\n\n\n<h2 class=\"wp-block-heading has-text-align-center\" id=\"a-strong-appeal\">Gran atractivo<\/h2>\n\n\n\n<p>Te ofrecemos un servicio de proximidad de alta calidad. Con las lavander\u00edas Wash ME, aumentar\u00e1s el flujo de clientes y el tiempo que pasan en la tienda, atraer\u00e1s a nuevos consumidores y podr\u00e1s fidelizar a tus clientes habituales.<\/p>\n\n\n<div class=\"block-image-text-aside\">\n    <div class=\"block-image-text-aside__container\">\n        <div class=\"block-image-text-aside__title-wrapper\">\n                    <\/div>\n        <div class=\"block-image-text-aside__list\">\n                                <div class=\"block-image-text-aside__element\">\n                        <div class=\"image-text-aside image-text-aside--left\">\n    <div class=\"image-text-aside__container\">\n                    <div class=\"image-text-aside__image\">\n                <img decoding=\"async\" class=\"image \" src=\"https:\/\/pro.wash-megroup.com\/wp-content\/uploads\/sites\/2\/2023\/10\/LAVERIE_CONCEPT_IMAGE1_INTERNATIONAL-1.jpg\" alt=\"LAVERIE_CONCEPT_IMAGE1_INTERNATIONAL-1.jpg\"\/>\n            <\/div>\n                <div class=\"image-text-aside__text\">\n            <h2 class=\"title \">\n    Para tus clientes<\/h2>\n            <div class=\"text \">\n    <p>Tus clientes podr\u00e1n lavar su ropa mientras hacen la compra. Podr\u00e1n lavar grandes cantidades de ropa o art\u00edculos voluminosos (cortinas, edredones, almohadas, alfombras, etc.) en una sola vez utilizando equipos profesionales a un precio asequible.<\/p>\n<\/div>\n        <\/div>\n            <\/div>\n\n<\/div>\n                    <\/div>\n                                    <div class=\"block-image-text-aside__element\">\n                        <div class=\"image-text-aside image-text-aside--right\">\n    <div class=\"image-text-aside__container\">\n                <div class=\"image-text-aside__text\">\n            <h2 class=\"title \">\n    PARA TUS INSTALACIONES<\/h2>\n            <div class=\"text \">\n    <p>Un servicio de valor a\u00f1adido para satisfacer a tus clientes, las lavander\u00edas Wash ME <strong>atraer\u00e1n a nuevos clientes y generar\u00e1n un tr\u00e1fico <\/strong>adicional al aumentar el tiempo que pasan en tus instalaciones. El tiempo medio que se pasa en una lavander\u00eda Wash ME es de 30-50 minutos.<\/p>\n<\/div>\n        <\/div>\n                    <div class=\"image-text-aside__image\">\n                <img decoding=\"async\" class=\"image \" src=\"https:\/\/pro.wash-megroup.com\/wp-content\/uploads\/sites\/2\/2023\/10\/LAVERIE_CONCEPT_IMAGE2_ESP.jpg\" alt=\"LAVERIE_CONCEPT_IMAGE2_ESP.jpg\"\/>\n            <\/div>\n            <\/div>\n\n<\/div>\n                    <\/div>\n                        <\/div>\n    <\/div>\n\n<\/div>\n\n<div class=\"block-video block-video--text-after block-video--bg-top\">\n    <div class=\"block-video__wrapper\">\n        <div class=\"block-video__container\">\n\t        \t\t        <div class=\"block-video__title-wrapper\">\n\t\t\t        <h2 class=\"title block-video__title title--size-m\">\n    UN SERVICIO AUTOMATIZADO SIN COMPLICACIONES<\/h2>\n\t\t        <\/div>\n\t                                <div class=\"block-video__video\">\n                <iframe class=\"video \" src=\"https:\/\/player.vimeo.com\/video\/693977801 \"\n        allow=\"autoplay; fullscreen; picture-in-picture\" allowfullscreen><\/iframe>\n            <\/div>\n                                <\/div>\n    <\/div>\n<\/div>\n\n\n<div class=\"block-icon-text-grid block-icon-text-grid--column-left-v2\">\n    <div class=\"block-icon-text-grid__container\">\n        <div class=\"block-icon-text-grid__title\">\n                    <\/div>\n                            <div class=\"block-icon-text-grid__block-list\">\n                                    \n<div class=\"title-text-icon block-icon-text-grid__block title-text-icon--wysiwyg title-text-icon--centered\">\n    <div class=\"title-text-icon__image\">\n        <img decoding=\"async\" class=\"image \" src=\"https:\/\/pro.wash-megroup.com\/wp-content\/uploads\/sites\/2\/2021\/09\/icon-square.png\" alt=\"icon-square.png\"\/>\n    <\/div>\n    <div class=\"title-text-icon__title\">\n        <h3 class=\"title \">\n    DEFINICI\u00d3N<\/h3>\n    <\/div>\n            <div class=\"title-text-icon__wysiwyg\">\n            <div class=\"wysiwyg \">\n    <p>Definici\u00f3n del proyecto de instalaci\u00f3n por adelantado con nuestro equipo comercial sobre el terreno.<\/p>\n<\/div>\n        <\/div>\n        <\/div>\n                                \n<div class=\"title-text-icon block-icon-text-grid__block title-text-icon--wysiwyg title-text-icon--centered\">\n    <div class=\"title-text-icon__image\">\n        <img decoding=\"async\" class=\"image \" src=\"https:\/\/pro.wash-megroup.com\/wp-content\/uploads\/sites\/2\/2021\/09\/icon-tools.svg\" alt=\"icon-tools.svg\"\/>\n    <\/div>\n    <div class=\"title-text-icon__title\">\n        <h3 class=\"title \">\n    INSTALACI\u00d3N Y MANTENIMIENTO<\/h3>\n    <\/div>\n            <div class=\"title-text-icon__wysiwyg\">\n            <div class=\"wysiwyg \">\n    <p>Nosotros nos encargamos de todo. La instalaci\u00f3n la realizan nuestros equipos de expertos y se hace en menos de 24 horas. Uno de nuestros t\u00e9cnicos realizar\u00e1 el mantenimiento semanal de las m\u00e1quinas.<\/p>\n<\/div>\n        <\/div>\n        <\/div>\n                                \n<div class=\"title-text-icon block-icon-text-grid__block title-text-icon--wysiwyg title-text-icon--centered\">\n    <div class=\"title-text-icon__image\">\n        <img decoding=\"async\" class=\"image \" src=\"https:\/\/pro.wash-megroup.com\/wp-content\/uploads\/sites\/2\/2021\/09\/icon-world-laptop.svg\" alt=\"icon-world-laptop.svg\"\/>\n    <\/div>\n    <div class=\"title-text-icon__title\">\n        <h3 class=\"title \">\n    ASISTENCIA<\/h3>\n    <\/div>\n            <div class=\"title-text-icon__wysiwyg\">\n            <div class=\"wysiwyg \">\n    <p>Nuestro equipo de atenci\u00f3n al cliente est\u00e1 disponible para ayudar a los usuarios. Disponemos de un servicio dedicado para nuestros socios profesionales con telemetr\u00eda avanzada, que permite medir continuamente el consumo y supervisar las m\u00e1quinas a distancia.<\/p>\n<\/div>\n        <\/div>\n        <\/div>\n                        <\/div>\n            <\/div>\n<\/div>\n\n\n<div class=\"block-video block-video--text-before block-video--bg-bottom\">\n    <div class=\"block-video__wrapper\">\n        <div class=\"block-video__container\">\n\t        \t\t        <div class=\"block-video__title-wrapper\">\n\t\t\t        <h2 class=\"title block-video__title title--size-m\">\n    SUM\u00c9RJETE EN LA REVOLUCI\u00d3N<\/h2>\n\t\t        <\/div>\n\t                                    <div class=\"block-video__text\">\n                    <div class=\"text \">\n    \u00bfQuieres saber c\u00f3mo funciona una lavander\u00eda autom\u00e1tica Wash ME? Utilizar una lavander\u00eda Wash ME es r\u00e1pido y f\u00e1cil, incluso para los que la utilizan por primera vez. En este v\u00eddeo descubre c\u00f3mo funciona:<\/div>\n                <\/div>\n                        <div class=\"block-video__video\">\n                <iframe class=\"video \" src=\"https:\/\/player.vimeo.com\/video\/579786984\"\n        allow=\"autoplay; fullscreen; picture-in-picture\" allowfullscreen><\/iframe>\n            <\/div>\n                                <\/div>\n    <\/div>\n<\/div>\n\n\n<div class=\"block-icon-slider block-icon-slider--no-image\">\n\n    <div class=\"block-icon-slider__container\">\n        <div class=\"block-icon-slider__content\">\n            <div class=\"block-icon-slider__title\">\n                <h2 class=\"title title--primary title--size-m\">\n                <div class=\" \">\n    <p>Simplicidad, ecolog\u00eda y rendimiento<\/p>\n<\/div>\n                <\/h2>\n            <\/div>\n                    <\/div>\n                <div class=\"block-icon-slider__slider\">\n            <div class=\"block-icon-slider__swiper-container swiper-container\">\n                <div class=\"block-icon-slider__swiper-wrapper swiper-wrapper\">\n                                                                    <div class=\"block-icon-slider__slide swiper-slide\">\n                            <div class=\"icon-text block-icon-slider__icon-text icon-text--centered\" target=\"self\">\n    <div class=\"icon-text__icon\">\n        <img decoding=\"async\" class=\"image \" src=\"https:\/\/pro.wash-megroup.com\/wp-content\/uploads\/sites\/2\/2021\/09\/icon_laundry@2x.png\" alt=\"icon_laundry@2x.png\"\/>\n    <\/div>\n    <div class=\"icon-text__text\">\n        <div class=\"text \">\n    Detergente ecol\u00f3gico hipoalerg\u00e9nico incluido<\/div>\n    <\/div>\n<\/div>\n                        <\/div>\n                                                                    <div class=\"block-icon-slider__slide swiper-slide\">\n                            <div class=\"icon-text block-icon-slider__icon-text icon-text--centered\" target=\"self\">\n    <div class=\"icon-text__icon\">\n        <img decoding=\"async\" class=\"image \" src=\"https:\/\/pro.wash-megroup.com\/wp-content\/uploads\/sites\/2\/2021\/09\/PICTOS_SITE_alerteSMS-2.png\" alt=\"PICTOS_SITE_alerteSMS-2.png\"\/>\n    <\/div>\n    <div class=\"icon-text__text\">\n        <div class=\"text \">\n    Alerta por SMS para avisarle antes del final del ciclo<\/div>\n    <\/div>\n<\/div>\n                        <\/div>\n                                                                    <div class=\"block-icon-slider__slide swiper-slide\">\n                            <div class=\"icon-text block-icon-slider__icon-text icon-text--centered\" target=\"self\">\n    <div class=\"icon-text__icon\">\n        <img decoding=\"async\" class=\"image \" src=\"https:\/\/pro.wash-megroup.com\/wp-content\/uploads\/sites\/2\/2021\/09\/PICTOS_SITE_18KG.png\" alt=\"PICTOS_SITE_18KG.png\"\/>\n    <\/div>\n    <div class=\"icon-text__text\">\n        <div class=\"text \">\n    Ideal para lavar grandes art\u00edculos de hasta 18\u00a0kg<\/div>\n    <\/div>\n<\/div>\n                        <\/div>\n                                                                    <div class=\"block-icon-slider__slide swiper-slide\">\n                            <div class=\"icon-text block-icon-slider__icon-text icon-text--centered\" target=\"self\">\n    <div class=\"icon-text__icon\">\n        <img decoding=\"async\" class=\"image \" src=\"https:\/\/pro.wash-megroup.com\/wp-content\/uploads\/sites\/2\/2021\/09\/PICTOS_SITE_assistance.png\" alt=\"PICTOS_SITE_assistance.png\"\/>\n    <\/div>\n    <div class=\"icon-text__text\">\n        <div class=\"text \">\n    Servicio de atenci\u00f3n al cliente interno<\/div>\n    <\/div>\n<\/div>\n                        <\/div>\n                                                                    <div class=\"block-icon-slider__slide swiper-slide\">\n                            <div class=\"icon-text block-icon-slider__icon-text icon-text--centered\" target=\"self\">\n    <div class=\"icon-text__icon\">\n        <img decoding=\"async\" class=\"image \" src=\"https:\/\/pro.wash-megroup.com\/wp-content\/uploads\/sites\/2\/2021\/09\/PICTOS_SITE_paiement.png\" alt=\"PICTOS_SITE_paiement.png\"\/>\n    <\/div>\n    <div class=\"icon-text__text\">\n        <div class=\"text \">\n    Todos los m\u00e9todos de pago &#8211; Pago sin contacto<\/div>\n    <\/div>\n<\/div>\n                        <\/div>\n                                                                    <div class=\"block-icon-slider__slide swiper-slide\">\n                            <div class=\"icon-text block-icon-slider__icon-text icon-text--centered\" target=\"self\">\n    <div class=\"icon-text__icon\">\n        <img decoding=\"async\" class=\"image \" src=\"https:\/\/pro.wash-megroup.com\/wp-content\/uploads\/sites\/2\/2021\/09\/PICTOS_SITE_securiter.png\" alt=\"PICTOS_SITE_securiter.png\"\/>\n    <\/div>\n    <div class=\"icon-text__text\">\n        <div class=\"text \">\n    M\u00e1quinas seguras<\/div>\n    <\/div>\n<\/div>\n                        <\/div>\n                                                                    <div class=\"block-icon-slider__slide swiper-slide\">\n                            <div class=\"icon-text block-icon-slider__icon-text icon-text--centered\" target=\"self\">\n    <div class=\"icon-text__icon\">\n        <img decoding=\"async\" class=\"image \" src=\"https:\/\/pro.wash-megroup.com\/wp-content\/uploads\/sites\/2\/2021\/09\/PICTOS_SITE_PMR.png\" alt=\"PICTOS_SITE_PMR.png\"\/>\n    <\/div>\n    <div class=\"icon-text__text\">\n        <div class=\"text \">\n    Accesibilidad para personas con movilidad reducida<\/div>\n    <\/div>\n<\/div>\n                        <\/div>\n                                                                    <div class=\"block-icon-slider__slide swiper-slide\">\n                            <div class=\"icon-text block-icon-slider__icon-text icon-text--centered\" target=\"self\">\n    <div class=\"icon-text__icon\">\n        <img decoding=\"async\" class=\"image \" src=\"https:\/\/pro.wash-megroup.com\/wp-content\/uploads\/sites\/2\/2021\/09\/PICTOS_SITE_chrono-1.png\" alt=\"PICTOS_SITE_chrono-1.png\"\/>\n    <\/div>\n    <div class=\"icon-text__text\">\n        <div class=\"text \">\n    Lavado r\u00e1pido (30 minutos) y secado (a partir de 15 minutos)<\/div>\n    <\/div>\n<\/div>\n                        <\/div>\n                                    <\/div>\n                <button\n    class=\"swiper-navigation-button block-icon-slider__slider-button block-icon-slider__slider-button--prev swiper-navigation-button--arrow-only swiper-navigation-button--color-white swiper-navigation-button--prev swiper-button-prev\"\n><\/button>\n<button\n    class=\"swiper-navigation-button block-icon-slider__slider-button block-icon-slider__slider-button--next swiper-navigation-button--arrow-only swiper-navigation-button--color-white swiper-navigation-button--next swiper-button-next\"\n><\/button>\n<div class=\"swiper-pagination block-icon-slider__pagination swiper-pagination--primary\"><\/div>\n            <\/div>\n        <\/div>\n            <\/div>\n    \n<\/div>\n\n\n<div style=\"height:30px\" aria-hidden=\"true\" class=\"wp-block-spacer\"><\/div>\n\n\n\n<h2 class=\"wp-block-heading\" id=\"discover-the-range-of-Wash-ME-laundry-laundrettes\">Descubre la gama de lavander\u00edas Wash ME<\/h2>\n\n\n\n<p>La gama de lavander\u00edas autom\u00e1ticas Wash ME ofrece una gama completa de equipos fiables y escalables con diferentes tama\u00f1os\/impresiones para ubicaciones interiores y exteriores.<\/p>\n\n\n\n    <section class=\"block-slide-laundries block-slide-laundries--single\">\n        <div class=\"block-slide-laundries__swiper-container swiper-container\">\n            <div class=\"block-slide-laundries__swiper-wrapper swiper-wrapper\">\n                \n<div class=\"laundry__wrapper laundry__wrapper--single swiper-slide\">\n            <a href=\"https:\/\/pro.wash-megroup.com\/es-es\/laundry\/compact-v3\/\">\n            <div class=\"laundry__image\">\n                <img decoding=\"async\" class=\"image \" src=\"https:\/\/pro.wash-megroup.com\/wp-content\/uploads\/sites\/2\/2022\/10\/thumnail_machines_ESP.png\" alt=\"thumnail_machines_ESP.png\"\/>\n            <\/div>\n            <div class=\"laundry__texts\">\n                <div class=\"laundry__title\">\n                    <h2 class=\"title title--size-s\">\n    Compact V3<\/h2>\n                <\/div>\n                <div class=\"laundry__subtitle\">\n                    <div class=\"wysiwyg title--subtitle\">\n    Funcionalidad y rendimiento<\/div>\n                <\/div>\n            <\/div>\n        <\/a>\n    <\/div>\n\n<div class=\"laundry__wrapper laundry__wrapper--single swiper-slide\">\n            <a href=\"https:\/\/pro.wash-megroup.com\/es-es\/laundry\/flex\/\">\n            <div class=\"laundry__image\">\n                <img decoding=\"async\" class=\"image \" src=\"https:\/\/pro.wash-megroup.com\/wp-content\/uploads\/sites\/2\/2022\/10\/thumnail_machines_ESP2.png\" alt=\"thumnail_machines_ESP2.png\"\/>\n            <\/div>\n            <div class=\"laundry__texts\">\n                <div class=\"laundry__title\">\n                    <h2 class=\"title title--size-s\">\n    FLEX<\/h2>\n                <\/div>\n                <div class=\"laundry__subtitle\">\n                    <div class=\"wysiwyg title--subtitle\">\n    Compacta y 2 en 1<\/div>\n                <\/div>\n            <\/div>\n        <\/a>\n    <\/div>\n            <\/div>\n            <button\n    class=\"swiper-navigation-button block-slide-laundries__slider-button block-slide-laundries__slider-button--prev swiper-navigation-button--arrow-only swiper-navigation-button--prev swiper-button-prev\"\n><\/button>\n<button\n    class=\"swiper-navigation-button block-slide-laundries__slider-button block-slide-laundries__slider-button--next swiper-navigation-button--arrow-only swiper-navigation-button--next swiper-button-next\"\n><\/button>\n<div class=\"swiper-pagination block-slide-laundries__slider-pagination\"><\/div>\n        <\/div>\n    <\/section>\n\n\n\n<div style=\"height:20px\" aria-hidden=\"true\" class=\"wp-block-spacer\"><\/div>\n\n\n<div class=\"block-blue\">\n    <div class=\"block-blue__container\">\n        <div class=\"block-blue__title-wrapper\">\n            <h2 class=\"title block-blue__title title--size-m title--white\">\n    nuestro modelo de negocio<\/h2>\n        <\/div>\n        <div class=\"block-blue__text\">\n            <div class=\"text \">\n    <p>M\u00e1s informaci\u00f3n sobre el <em>modelo de negocio<\/em>de Wash ME<\/p>\n<\/div>\n        <\/div>\n        <a class=\"link block-blue__cta-link button button--bordered-white button--with-icon icon-arrow-right\" href=\"https:\/\/pro.wash-megroup.com\/es-es\/modelo-de-negocio\/\" target=\"\">\n    <span>M\u00e1s informaci\u00f3n<\/span>\n<\/a>\n    <\/div>\n<\/div>\n","protected":false},"excerpt":{"rendered":"<p>\u00bfQU\u00c9 ES EL SERVICIO DE LAVANDER\u00cdA AUTOM\u00c1TICA Wash ME? Wash ME es&#8230;<\/p>\n","protected":false},"author":1,"featured_media":0,"parent":0,"menu_order":0,"comment_status":"closed","ping_status":"closed","template":"","meta":{"_acf_changed":false,"footnotes":""},"class_list":["post-15151","page","type-page","status-publish","hentry"],"acf":[],"yoast_head":"<title>Concepto - B2B - Wash ME :<\/title>\n<meta name=\"robots\" content=\"index, follow, max-snippet:-1, max-image-preview:large, max-video-preview:-1\" \/>\n<link rel=\"canonical\" href=\"https:\/\/pro.wash-megroup.com\/es-es\/concepto\/\" \/>\n<meta property=\"og:locale\" content=\"es_ES\" \/>\n<meta property=\"og:type\" content=\"article\" \/>\n<meta property=\"og:title\" content=\"Concepto - B2B - Wash ME :\" \/>\n<meta property=\"og:description\" content=\"\u00bfQU\u00c9 ES EL SERVICIO DE LAVANDER\u00cdA AUTOM\u00c1TICA Wash ME? Wash ME es...\" \/>\n<meta property=\"og:url\" content=\"https:\/\/pro.wash-megroup.com\/es-es\/concepto\/\" \/>\n<meta property=\"og:site_name\" content=\"B2B - Wash ME :\" \/>\n<meta property=\"article:modified_time\" content=\"2023-10-04T12:50:22+00:00\" \/>\n<meta property=\"og:image\" content=\"https:\/\/pro.wash-megroup.com\/wp-content\/uploads\/sites\/2\/2023\/10\/same-B2C-1-1024x341.jpg\" \/>\n<meta name=\"twitter:card\" content=\"summary_large_image\" \/>\n<meta name=\"twitter:label1\" content=\"Tiempo de lectura\" \/>\n\t<meta name=\"twitter:data1\" content=\"1 minuto\" \/>\n<script type=\"application\/ld+json\" class=\"yoast-schema-graph\">{\"@context\":\"https:\/\/schema.org\",\"@graph\":[{\"@type\":\"WebPage\",\"@id\":\"https:\/\/pro.wash-megroup.com\/es-es\/concepto\/\",\"url\":\"https:\/\/pro.wash-megroup.com\/es-es\/concepto\/\",\"name\":\"Concepto - B2B - Wash ME :\",\"isPartOf\":{\"@id\":\"https:\/\/pro.wash-megroup.com\/es-es\/#website\"},\"primaryImageOfPage\":{\"@id\":\"https:\/\/pro.wash-megroup.com\/es-es\/concepto\/#primaryimage\"},\"image\":{\"@id\":\"https:\/\/pro.wash-megroup.com\/es-es\/concepto\/#primaryimage\"},\"thumbnailUrl\":\"https:\/\/pro.wash-megroup.com\/wp-content\/uploads\/sites\/2\/2023\/10\/same-B2C-1-1024x341.jpg\",\"datePublished\":\"2022-10-18T15:09:55+00:00\",\"dateModified\":\"2023-10-04T12:50:22+00:00\",\"breadcrumb\":{\"@id\":\"https:\/\/pro.wash-megroup.com\/es-es\/concepto\/#breadcrumb\"},\"inLanguage\":\"es\",\"potentialAction\":[{\"@type\":\"ReadAction\",\"target\":[\"https:\/\/pro.wash-megroup.com\/es-es\/concepto\/\"]}]},{\"@type\":\"ImageObject\",\"inLanguage\":\"es\",\"@id\":\"https:\/\/pro.wash-megroup.com\/es-es\/concepto\/#primaryimage\",\"url\":\"https:\/\/pro.wash-megroup.com\/wp-content\/uploads\/sites\/2\/2023\/10\/same-B2C-1-1024x341.jpg\",\"contentUrl\":\"https:\/\/pro.wash-megroup.com\/wp-content\/uploads\/sites\/2\/2023\/10\/same-B2C-1-1024x341.jpg\"},{\"@type\":\"BreadcrumbList\",\"@id\":\"https:\/\/pro.wash-megroup.com\/es-es\/concepto\/#breadcrumb\",\"itemListElement\":[{\"@type\":\"ListItem\",\"position\":1,\"name\":\"Home\",\"item\":\"https:\/\/pro.wash-megroup.com\/es-es\/\"},{\"@type\":\"ListItem\",\"position\":2,\"name\":\"Concepto\"}]},{\"@type\":\"WebSite\",\"@id\":\"https:\/\/pro.wash-megroup.com\/es-es\/#website\",\"url\":\"https:\/\/pro.wash-megroup.com\/es-es\/\",\"name\":\"B2B - Wash ME :\",\"description\":\"Acc\u00e9dez \u00e0 l&#039;espace professionnel\",\"potentialAction\":[{\"@type\":\"SearchAction\",\"target\":{\"@type\":\"EntryPoint\",\"urlTemplate\":\"https:\/\/pro.wash-megroup.com\/es-es\/?s={search_term_string}\"},\"query-input\":{\"@type\":\"PropertyValueSpecification\",\"valueRequired\":true,\"valueName\":\"search_term_string\"}}],\"inLanguage\":\"es\"}]}<\/script>","yoast_head_json":{"title":"Concepto - B2B - Wash ME :","robots":{"index":"index","follow":"follow","max-snippet":"max-snippet:-1","max-image-preview":"max-image-preview:large","max-video-preview":"max-video-preview:-1"},"canonical":"https:\/\/pro.wash-megroup.com\/es-es\/concepto\/","og_locale":"es_ES","og_type":"article","og_title":"Concepto - B2B - Wash ME :","og_description":"\u00bfQU\u00c9 ES EL SERVICIO DE LAVANDER\u00cdA AUTOM\u00c1TICA Wash ME? Wash ME es...","og_url":"https:\/\/pro.wash-megroup.com\/es-es\/concepto\/","og_site_name":"B2B - Wash ME :","article_modified_time":"2023-10-04T12:50:22+00:00","og_image":[{"url":"https:\/\/pro.wash-megroup.com\/wp-content\/uploads\/sites\/2\/2023\/10\/same-B2C-1-1024x341.jpg","type":"","width":"","height":""}],"twitter_card":"summary_large_image","twitter_misc":{"Tiempo de lectura":"1 minuto"},"schema":{"@context":"https:\/\/schema.org","@graph":[{"@type":"WebPage","@id":"https:\/\/pro.wash-megroup.com\/es-es\/concepto\/","url":"https:\/\/pro.wash-megroup.com\/es-es\/concepto\/","name":"Concepto - B2B - Wash ME :","isPartOf":{"@id":"https:\/\/pro.wash-megroup.com\/es-es\/#website"},"primaryImageOfPage":{"@id":"https:\/\/pro.wash-megroup.com\/es-es\/concepto\/#primaryimage"},"image":{"@id":"https:\/\/pro.wash-megroup.com\/es-es\/concepto\/#primaryimage"},"thumbnailUrl":"https:\/\/pro.wash-megroup.com\/wp-content\/uploads\/sites\/2\/2023\/10\/same-B2C-1-1024x341.jpg","datePublished":"2022-10-18T15:09:55+00:00","dateModified":"2023-10-04T12:50:22+00:00","breadcrumb":{"@id":"https:\/\/pro.wash-megroup.com\/es-es\/concepto\/#breadcrumb"},"inLanguage":"es","potentialAction":[{"@type":"ReadAction","target":["https:\/\/pro.wash-megroup.com\/es-es\/concepto\/"]}]},{"@type":"ImageObject","inLanguage":"es","@id":"https:\/\/pro.wash-megroup.com\/es-es\/concepto\/#primaryimage","url":"https:\/\/pro.wash-megroup.com\/wp-content\/uploads\/sites\/2\/2023\/10\/same-B2C-1-1024x341.jpg","contentUrl":"https:\/\/pro.wash-megroup.com\/wp-content\/uploads\/sites\/2\/2023\/10\/same-B2C-1-1024x341.jpg"},{"@type":"BreadcrumbList","@id":"https:\/\/pro.wash-megroup.com\/es-es\/concepto\/#breadcrumb","itemListElement":[{"@type":"ListItem","position":1,"name":"Home","item":"https:\/\/pro.wash-megroup.com\/es-es\/"},{"@type":"ListItem","position":2,"name":"Concepto"}]},{"@type":"WebSite","@id":"https:\/\/pro.wash-megroup.com\/es-es\/#website","url":"https:\/\/pro.wash-megroup.com\/es-es\/","name":"B2B - Wash ME :","description":"Acc\u00e9dez \u00e0 l&#039;espace professionnel","potentialAction":[{"@type":"SearchAction","target":{"@type":"EntryPoint","urlTemplate":"https:\/\/pro.wash-megroup.com\/es-es\/?s={search_term_string}"},"query-input":{"@type":"PropertyValueSpecification","valueRequired":true,"valueName":"search_term_string"}}],"inLanguage":"es"}]}},"_links":{"self":[{"href":"https:\/\/pro.wash-megroup.com\/es-es\/wp-json\/wp\/v2\/pages\/15151","targetHints":{"allow":["GET"]}}],"collection":[{"href":"https:\/\/pro.wash-megroup.com\/es-es\/wp-json\/wp\/v2\/pages"}],"about":[{"href":"https:\/\/pro.wash-megroup.com\/es-es\/wp-json\/wp\/v2\/types\/page"}],"author":[{"embeddable":true,"href":"https:\/\/pro.wash-megroup.com\/es-es\/wp-json\/wp\/v2\/users\/1"}],"replies":[{"embeddable":true,"href":"https:\/\/pro.wash-megroup.com\/es-es\/wp-json\/wp\/v2\/comments?post=15151"}],"version-history":[{"count":7,"href":"https:\/\/pro.wash-megroup.com\/es-es\/wp-json\/wp\/v2\/pages\/15151\/revisions"}],"predecessor-version":[{"id":17391,"href":"https:\/\/pro.wash-megroup.com\/es-es\/wp-json\/wp\/v2\/pages\/15151\/revisions\/17391"}],"wp:attachment":[{"href":"https:\/\/pro.wash-megroup.com\/es-es\/wp-json\/wp\/v2\/media?parent=15151"}],"curies":[{"name":"wp","href":"https:\/\/api.w.org\/{rel}","templated":true}]}}