{"id":15111,"date":"2022-10-18T17:06:37","date_gmt":"2022-10-18T15:06:37","guid":{"rendered":"https:\/\/pro.wash-megroup.com\/modelo-de-negocio\/"},"modified":"2023-08-02T11:08:59","modified_gmt":"2023-08-02T09:08:59","slug":"modelo-de-negocio","status":"publish","type":"page","link":"https:\/\/pro.wash-megroup.com\/es-es\/modelo-de-negocio\/","title":{"rendered":"Modelo de negocio"},"content":{"rendered":"\n<h2 class=\"wp-block-heading\">\u00bfQUIERES INVERTIR EN UNA LAVANDER\u00cdA AUTOM\u00c1TICA Wash ME?<\/h2>\n\n\n\n<p>\u00a1Abrir una lavander\u00eda Wash ME es muy sencillo, econ\u00f3mico y r\u00e1pido! Wash ME ofrece una gama completa de equipos fiables y escalables, con diferentes tama\u00f1os de m\u00e1quinas, para ubicaciones interiores o exteriores. Esta oferta pr\u00e9mium Plug&#8217;n Play est\u00e1 disponible para su explotaci\u00f3n (oferta \u00abllave en mano\u00bb con una comisi\u00f3n sobre la facturaci\u00f3n generada), as\u00ed como para alquiler o venta.<\/p>\n\n\n<div class=\"block-sectors\">\n    <div class=\"block-sectors__container\">\n        <div class=\"block-sectors__title-wrapper\">\n            <h2 class=\"title block-sectors__title title--size-m\">\n    LOS SECTORES DE INSTALACI\u00d3N<\/h2>\n        <\/div>\n        <div class=\"block-sectors__list\">\n\t        <div class=\"block-sectors__swiper-container swiper-container\">\n\t\t        <div class=\"block-sectors__swiper-wrapper swiper-wrapper\">\n                                                <div class=\"block-sectors__element swiper-slide\">\n                                <div class=\"image-title\">\n    <div class=\"image-title__container\">\n        <div class=\"image-title__image\">\n            <img decoding=\"async\" class=\"image \" src=\"https:\/\/pro.wash-megroup.com\/wp-content\/uploads\/sites\/2\/2021\/09\/photo-gas-station.png\" alt=\"photo-gas-station.png\"\/>\n        <\/div>\n        <div class=\"image-title__text\">\n            <h2 class=\"title \">\n    GASOLINERAS<\/h2>\n        <\/div>\n    <\/div>\n\n<\/div>\n                            <\/div>\n                                                    <div class=\"block-sectors__element swiper-slide\">\n                                <div class=\"image-title\">\n    <div class=\"image-title__container\">\n        <div class=\"image-title__image\">\n            <img decoding=\"async\" class=\"image \" src=\"https:\/\/pro.wash-megroup.com\/wp-content\/uploads\/sites\/2\/2021\/09\/photo-supermarket.png\" alt=\"photo-supermarket.png\"\/>\n        <\/div>\n        <div class=\"image-title__text\">\n            <h2 class=\"title \">\n    SUPERMERCADOS<\/h2>\n        <\/div>\n    <\/div>\n\n<\/div>\n                            <\/div>\n                                                    <div class=\"block-sectors__element swiper-slide\">\n                                <div class=\"image-title\">\n    <div class=\"image-title__container\">\n        <div class=\"image-title__image\">\n            <img decoding=\"async\" class=\"image \" src=\"https:\/\/pro.wash-megroup.com\/wp-content\/uploads\/sites\/2\/2021\/09\/photo-camping.png\" alt=\"photo-camping.png\"\/>\n        <\/div>\n        <div class=\"image-title__text\">\n            <h2 class=\"title \">\n    CAMPINGS<\/h2>\n        <\/div>\n    <\/div>\n\n<\/div>\n                            <\/div>\n                                                    <div class=\"block-sectors__element swiper-slide\">\n                                <div class=\"image-title\">\n    <div class=\"image-title__container\">\n        <div class=\"image-title__image\">\n            <img decoding=\"async\" class=\"image \" src=\"https:\/\/pro.wash-megroup.com\/wp-content\/uploads\/sites\/2\/2021\/09\/photo-hotel.png\" alt=\"photo-hotel.png\"\/>\n        <\/div>\n        <div class=\"image-title__text\">\n            <h2 class=\"title \">\n    HOSTELER\u00cdA<\/h2>\n        <\/div>\n    <\/div>\n\n<\/div>\n                            <\/div>\n                                                    <div class=\"block-sectors__element swiper-slide\">\n                                <div class=\"image-title\">\n    <div class=\"image-title__container\">\n        <div class=\"image-title__image\">\n            <img decoding=\"async\" class=\"image \" src=\"https:\/\/pro.wash-megroup.com\/wp-content\/uploads\/sites\/2\/2021\/09\/phoo-shoppingmall.png\" alt=\"phoo-shoppingmall.png\"\/>\n        <\/div>\n        <div class=\"image-title__text\">\n            <h2 class=\"title \">\n    CENTROS COMERCIALES<\/h2>\n        <\/div>\n    <\/div>\n\n<\/div>\n                            <\/div>\n                                        <\/div>\n            <\/div>\n        <\/div>\n    <\/div>\n<\/div>\n\n\n<div style=\"height:40px\" aria-hidden=\"true\" class=\"wp-block-spacer\"><\/div>\n\n\n<div class=\"block-icon-text-grid-b2b\">\n    <div class=\"block-icon-text-grid-b2b__container\">\n        <div class=\"block-icon-text-grid-b2b__title\">\n            <h2 class=\"title \">\n    3 modelos de negocio adaptados a todos los perfiles<\/h2>\n        <\/div>\n                    <div class=\"block-icon-text-grid-b2b__wysiwyg\">\n                <div class=\"wysiwyg \">\n    <p>Tanto si buscas una inversi\u00f3n s\u00f3lida con un r\u00e1pido retorno de la inversi\u00f3n, como si deseas aumentar los ingresos de tu negocio con un servicio que atraiga a tus clientes, \u00a1las lavander\u00edas Wash ME est\u00e1n hechas para ti!<\/p>\n<\/div>\n            <\/div>\n                            <div class=\"block-icon-text-grid-b2b__block-list\">\n                                    \n<div class=\"title-text-icon block-icon-text-grid-b2b__block title-text-icon--wysiwyg title-text-icon--centered\">\n    <div class=\"title-text-icon__image\">\n        <img decoding=\"async\" class=\"image \" src=\"https:\/\/pro.wash-megroup.com\/wp-content\/uploads\/sites\/2\/2021\/09\/icon-hand-coin.png\" alt=\"icon-hand-coin.png\"\/>\n    <\/div>\n    <div class=\"title-text-icon__title\">\n        <h3 class=\"title \">\n    INVERSOR<\/h3>\n    <\/div>\n            <div class=\"title-text-icon__wysiwyg\">\n                    <\/div>\n                <div class=\"title-text-icon__list\">\n            <div class=\"title-text-icon__list-elements\">\n                <span class=\"check-element-list  checked\">\n    Compra de equipos<\/span>\n<span class=\"check-element-list  checked\">\n    Trabajos de instalaci\u00f3n y puesta en marcha a cargo del inversor<\/span>\n<span class=\"check-element-list  checked\">\n    Opcional: contrato de mantenimiento<\/span>\n<span class=\"check-element-list  checked\">\n    Consumibles (detergente, suavizante, etc.) a cargo del inversor<\/span>\n            <\/div>\n        <\/div>\n        <a class=\"button button--centered button--with-icon icon-arrow-right title-text-icon__cta-link\" href=\"https:\/\/pro.wash-megroup.com\/es-es\/contacto\/\" target=\"\">\n    <span>Convertirse en inversor<\/span>\n<\/a>\n    <\/div>\n                                \n<div class=\"title-text-icon block-icon-text-grid-b2b__block title-text-icon--wysiwyg title-text-icon--centered\">\n    <div class=\"title-text-icon__image\">\n        <img decoding=\"async\" class=\"image \" src=\"https:\/\/pro.wash-megroup.com\/wp-content\/uploads\/sites\/2\/2021\/11\/icon-contrat-bestseller2.png\" alt=\"icon-contrat-bestseller2.png\"\/>\n    <\/div>\n    <div class=\"title-text-icon__title\">\n        <h3 class=\"title \">\n    CEDENTE (comisi\u00f3n)<\/h3>\n    <\/div>\n            <div class=\"title-text-icon__wysiwyg\">\n                    <\/div>\n                <div class=\"title-text-icon__list\">\n            <div class=\"title-text-icon__list-elements\">\n                <span class=\"check-element-list  checked\">\n    Comisi\u00f3n sobre la facturaci\u00f3n<\/span>\n<span class=\"check-element-list  checked\">\n    Servicio 100\u00a0% llave en mano completamente gestionado por nuestros equipos<\/span>\n<span class=\"check-element-list  checked\">\n    Estudio de instalaci\u00f3n<\/span>\n<span class=\"check-element-list  checked\">\n    Instalaci\u00f3n y puesta en marcha (3 d\u00edas)<\/span>\n<span class=\"check-element-list  checked\">\n    Mantenimiento durante toda la vigencia del contrato<\/span>\n<span class=\"check-element-list  checked\">\n    Consumibles incluidos (detergente, suavizante, etc.)<\/span>\n<span class=\"check-element-list  checked\">\n    L\u00ednea de atenci\u00f3n los 7 d\u00edas de la semana de 8:00 a 20:00<\/span>\n<span class=\"check-element-list  checked\">\n    Servicio al consumidor 24 horas al d\u00eda y 7 d\u00edas a la semana<\/span>\n<span class=\"check-element-list  checked\">\n    Apoyo al marketing<\/span>\n<span class=\"check-element-list  checked\">\n    Informes de actividad mensuales<\/span>\n            <\/div>\n        <\/div>\n        <a class=\"button button--centered button--with-icon icon-arrow-right title-text-icon__cta-link\" href=\"https:\/\/pro.wash-megroup.com\/es-es\/contacto\/\" target=\"\">\n    <span>Convertirse en cedente<\/span>\n<\/a>\n    <\/div>\n                                \n<div class=\"title-text-icon block-icon-text-grid-b2b__block title-text-icon--wysiwyg title-text-icon--centered\">\n    <div class=\"title-text-icon__image\">\n        <img decoding=\"async\" class=\"image \" src=\"https:\/\/pro.wash-megroup.com\/wp-content\/uploads\/sites\/2\/2021\/09\/icon-handshake.png\" alt=\"icon-handshake.png\"\/>\n    <\/div>\n    <div class=\"title-text-icon__title\">\n        <h3 class=\"title \">\n    ARRENDADOR<\/h3>\n    <\/div>\n            <div class=\"title-text-icon__wysiwyg\">\n                    <\/div>\n                <div class=\"title-text-icon__list\">\n            <div class=\"title-text-icon__list-elements\">\n                <span class=\"check-element-list  checked\">\n    Alquiler de larga duraci\u00f3n <\/span>\n<span class=\"check-element-list  checked\">\n    Instalaci\u00f3n y puesta en marcha a cargo del inversor<\/span>\n<span class=\"check-element-list  checked\">\n    Contrato de mantenimiento<\/span>\n<span class=\"check-element-list  checked\">\n    Consumibles (detergente, suavizante, etc.) a cargo del inversor<\/span>\n            <\/div>\n        <\/div>\n        <a class=\"button button--centered button--with-icon icon-arrow-right title-text-icon__cta-link\" href=\"https:\/\/pro.wash-megroup.com\/es-es\/contacto\/\" target=\"\">\n    <span>Convertirse en arrendador<\/span>\n<\/a>\n    <\/div>\n                        <\/div>\n            <\/div>\n<\/div>\n\n\n\n<div style=\"height:100px\" aria-hidden=\"true\" class=\"wp-block-spacer\"><\/div>\n\n\n<div class=\"block-video block-video--text-before block-video--bg-top\">\n    <div class=\"block-video__wrapper\">\n        <div class=\"block-video__container\">\n\t        \t\t        <div class=\"block-video__title-wrapper\">\n\t\t\t        <h2 class=\"title block-video__title title--size-m\">\n    UN SERVICIO 100\u00a0% LLAVE EN MANO<\/h2>\n\t\t        <\/div>\n\t                                <div class=\"block-video__video\">\n                <iframe class=\"video \" src=\"https:\/\/player.vimeo.com\/video\/734740356\"\n        allow=\"autoplay; fullscreen; picture-in-picture\" allowfullscreen><\/iframe>\n            <\/div>\n                                <\/div>\n    <\/div>\n<\/div>\n\n\n<div class=\"block-icon-text-grid block-icon-text-grid--column-left-v2\">\n    <div class=\"block-icon-text-grid__container\">\n        <div class=\"block-icon-text-grid__title\">\n                    <\/div>\n                            <div class=\"block-icon-text-grid__block-list\">\n                                    \n<div class=\"title-text-icon block-icon-text-grid__block title-text-icon--wysiwyg title-text-icon--centered\">\n    <div class=\"title-text-icon__image\">\n        <img decoding=\"async\" class=\"image \" src=\"https:\/\/pro.wash-megroup.com\/wp-content\/uploads\/sites\/2\/2021\/09\/icon-square.png\" alt=\"icon-square.png\"\/>\n    <\/div>\n    <div class=\"title-text-icon__title\">\n        <h3 class=\"title \">\n    DEFINICI\u00d3N DEL PROYECTO<\/h3>\n    <\/div>\n            <div class=\"title-text-icon__wysiwyg\">\n            <div class=\"wysiwyg \">\n    <p>Definici\u00f3n del proyecto de instalaci\u00f3n por adelantado con nuestro equipo comercial sobre el terreno. Como el modelo tiene una superficie de 4,7\u00a0m\u00b2, la instalaci\u00f3n no requiere licencia de obras.<\/p>\n<\/div>\n        <\/div>\n        <\/div>\n                                \n<div class=\"title-text-icon block-icon-text-grid__block title-text-icon--wysiwyg title-text-icon--centered\">\n    <div class=\"title-text-icon__image\">\n        <img decoding=\"async\" class=\"image \" src=\"https:\/\/pro.wash-megroup.com\/wp-content\/uploads\/sites\/2\/2021\/09\/icon-tools.svg\" alt=\"icon-tools.svg\"\/>\n    <\/div>\n    <div class=\"title-text-icon__title\">\n        <h3 class=\"title \">\n    INSTALACI\u00d3N Y MANTENIMIENTO<\/h3>\n    <\/div>\n            <div class=\"title-text-icon__wysiwyg\">\n            <div class=\"wysiwyg \">\n    <p>Nosotros nos encargamos de todo. La instalaci\u00f3n la realizan nuestros equipos de expertos y tarda menos de 3 d\u00edas. Uno de nuestros 280 t\u00e9cnicos de mantenimiento realizar\u00e1 el mantenimiento semanal de las m\u00e1quinas.<\/p>\n<\/div>\n        <\/div>\n        <\/div>\n                                \n<div class=\"title-text-icon block-icon-text-grid__block title-text-icon--wysiwyg title-text-icon--centered\">\n    <div class=\"title-text-icon__image\">\n        <img decoding=\"async\" class=\"image \" src=\"https:\/\/pro.wash-megroup.com\/wp-content\/uploads\/sites\/2\/2021\/09\/icon-world-laptop.svg\" alt=\"icon-world-laptop.svg\"\/>\n    <\/div>\n    <div class=\"title-text-icon__title\">\n        <h3 class=\"title \">\n    ORIENTACI\u00d3N<\/h3>\n    <\/div>\n            <div class=\"title-text-icon__wysiwyg\">\n            <div class=\"wysiwyg \">\n    <p>Un servicio de atenci\u00f3n al consumidor disponible todos los d\u00edas (24 horas al d\u00eda, 7 d\u00edas a la semana) para orientar a los usuarios y un servicio dedicado para nuestros socios profesionales. La telemetr\u00eda avanzada permite medir continuamente el consumo y supervisar las m\u00e1quinas a distancia.<\/p>\n<\/div>\n        <\/div>\n        <\/div>\n                        <\/div>\n            <\/div>\n<\/div>\n\n\n\n<h2 class=\"wp-block-heading has-text-align-center\">ALCANZAR EL \u00c9XITO JUNTOS<\/h2>\n\n\n\n<p>Equipamos tus puntos de venta con lavander\u00edas autom\u00e1ticas profesionales de alta gama que proporcionan a tus clientes un servicio local pr\u00e9mium, \u00fatil y atractivo. La raz\u00f3n de nuestro \u00e9xito es muy sencilla: producimos m\u00e1quinas fiables, desarrollamos tecnolog\u00edas innovadoras y ofrecemos una asistencia de primera clase a nuestros clientes.<\/p>\n\n\n\n<figure class=\"wp-block-image aligncenter size-full\"><img decoding=\"async\" width=\"552\" height=\"488\" src=\"https:\/\/pro.wash-megroup.com\/wp-content\/uploads\/sites\/2\/2021\/10\/GIF-SITE-REUSSIR-ENSEMBLE-light-1.gif\" alt=\"\" class=\"wp-image-757\"\/><\/figure>\n\n\n<div class=\"block-blue\">\n    <div class=\"block-blue__container\">\n        <div class=\"block-blue__title-wrapper\">\n            <h2 class=\"title block-blue__title title--size-m title--white\">\n    CONTACTE CON NOSOTROS<\/h2>\n        <\/div>\n        <div class=\"block-blue__text\">\n            <div class=\"text \">\n    <p>Ponte en contacto con nosotros para conocer nuestras soluciones de financiaci\u00f3n y obtener m\u00e1s informaci\u00f3n sobre las soluciones de Wash ME.<\/p>\n<\/div>\n        <\/div>\n        <a class=\"link block-blue__cta-link button button--bordered-white button--with-icon icon-arrow-right\" href=\"https:\/\/pro.wash-megroup.com\/es-es\/contacto\/\" target=\"\">\n    <span>M\u00e1s informaci\u00f3n<\/span>\n<\/a>\n    <\/div>\n<\/div>\n","protected":false},"excerpt":{"rendered":"<p>\u00bfQUIERES INVERTIR EN UNA LAVANDER\u00cdA AUTOM\u00c1TICA Wash ME? \u00a1Abrir una lavander\u00eda Wash&#8230;<\/p>\n","protected":false},"author":1,"featured_media":0,"parent":0,"menu_order":0,"comment_status":"closed","ping_status":"closed","template":"","meta":{"_acf_changed":false,"footnotes":""},"class_list":["post-15111","page","type-page","status-publish","hentry"],"acf":[],"yoast_head":"<title>Modelo de negocio - Wash ME<\/title>\n<meta name=\"robots\" content=\"index, follow, max-snippet:-1, max-image-preview:large, max-video-preview:-1\" \/>\n<link rel=\"canonical\" href=\"https:\/\/pro.wash-megroup.com\/es-es\/modelo-de-negocio\/\" \/>\n<meta property=\"og:locale\" content=\"es_ES\" \/>\n<meta property=\"og:type\" content=\"article\" \/>\n<meta property=\"og:title\" content=\"Modelo de negocio - Wash ME\" \/>\n<meta property=\"og:description\" content=\"\u00bfQUIERES INVERTIR EN UNA LAVANDER\u00cdA AUTOM\u00c1TICA Wash ME? \u00a1Abrir una lavander\u00eda Wash...\" \/>\n<meta property=\"og:url\" content=\"https:\/\/pro.wash-megroup.com\/es-es\/modelo-de-negocio\/\" \/>\n<meta property=\"og:site_name\" content=\"B2B - Wash ME :\" \/>\n<meta property=\"article:modified_time\" content=\"2023-08-02T09:08:59+00:00\" \/>\n<meta property=\"og:image\" content=\"https:\/\/pro.wash-megroup.com\/wp-content\/uploads\/sites\/2\/2021\/10\/GIF-SITE-REUSSIR-ENSEMBLE-light-1.gif\" \/>\n<meta name=\"twitter:card\" content=\"summary_large_image\" \/>\n<meta name=\"twitter:label1\" content=\"Tiempo de lectura\" \/>\n\t<meta name=\"twitter:data1\" content=\"1 minuto\" \/>\n<script type=\"application\/ld+json\" class=\"yoast-schema-graph\">{\"@context\":\"https:\/\/schema.org\",\"@graph\":[{\"@type\":\"WebPage\",\"@id\":\"https:\/\/pro.wash-megroup.com\/es-es\/modelo-de-negocio\/\",\"url\":\"https:\/\/pro.wash-megroup.com\/es-es\/modelo-de-negocio\/\",\"name\":\"Modelo de negocio - Wash ME\",\"isPartOf\":{\"@id\":\"https:\/\/pro.wash-megroup.com\/es-es\/#website\"},\"primaryImageOfPage\":{\"@id\":\"https:\/\/pro.wash-megroup.com\/es-es\/modelo-de-negocio\/#primaryimage\"},\"image\":{\"@id\":\"https:\/\/pro.wash-megroup.com\/es-es\/modelo-de-negocio\/#primaryimage\"},\"thumbnailUrl\":\"https:\/\/pro.wash-megroup.com\/wp-content\/uploads\/sites\/2\/2021\/10\/GIF-SITE-REUSSIR-ENSEMBLE-light-1.gif\",\"datePublished\":\"2022-10-18T15:06:37+00:00\",\"dateModified\":\"2023-08-02T09:08:59+00:00\",\"breadcrumb\":{\"@id\":\"https:\/\/pro.wash-megroup.com\/es-es\/modelo-de-negocio\/#breadcrumb\"},\"inLanguage\":\"es\",\"potentialAction\":[{\"@type\":\"ReadAction\",\"target\":[\"https:\/\/pro.wash-megroup.com\/es-es\/modelo-de-negocio\/\"]}]},{\"@type\":\"ImageObject\",\"inLanguage\":\"es\",\"@id\":\"https:\/\/pro.wash-megroup.com\/es-es\/modelo-de-negocio\/#primaryimage\",\"url\":\"https:\/\/pro.wash-megroup.com\/wp-content\/uploads\/sites\/2\/2021\/10\/GIF-SITE-REUSSIR-ENSEMBLE-light-1.gif\",\"contentUrl\":\"https:\/\/pro.wash-megroup.com\/wp-content\/uploads\/sites\/2\/2021\/10\/GIF-SITE-REUSSIR-ENSEMBLE-light-1.gif\"},{\"@type\":\"BreadcrumbList\",\"@id\":\"https:\/\/pro.wash-megroup.com\/es-es\/modelo-de-negocio\/#breadcrumb\",\"itemListElement\":[{\"@type\":\"ListItem\",\"position\":1,\"name\":\"Home\",\"item\":\"https:\/\/pro.wash-megroup.com\/es-es\/\"},{\"@type\":\"ListItem\",\"position\":2,\"name\":\"Modelo de negocio\"}]},{\"@type\":\"WebSite\",\"@id\":\"https:\/\/pro.wash-megroup.com\/es-es\/#website\",\"url\":\"https:\/\/pro.wash-megroup.com\/es-es\/\",\"name\":\"B2B - Wash ME :\",\"description\":\"Acc\u00e9dez \u00e0 l&#039;espace professionnel\",\"potentialAction\":[{\"@type\":\"SearchAction\",\"target\":{\"@type\":\"EntryPoint\",\"urlTemplate\":\"https:\/\/pro.wash-megroup.com\/es-es\/?s={search_term_string}\"},\"query-input\":{\"@type\":\"PropertyValueSpecification\",\"valueRequired\":true,\"valueName\":\"search_term_string\"}}],\"inLanguage\":\"es\"}]}<\/script>","yoast_head_json":{"title":"Modelo de negocio - Wash ME","robots":{"index":"index","follow":"follow","max-snippet":"max-snippet:-1","max-image-preview":"max-image-preview:large","max-video-preview":"max-video-preview:-1"},"canonical":"https:\/\/pro.wash-megroup.com\/es-es\/modelo-de-negocio\/","og_locale":"es_ES","og_type":"article","og_title":"Modelo de negocio - Wash ME","og_description":"\u00bfQUIERES INVERTIR EN UNA LAVANDER\u00cdA AUTOM\u00c1TICA Wash ME? \u00a1Abrir una lavander\u00eda Wash...","og_url":"https:\/\/pro.wash-megroup.com\/es-es\/modelo-de-negocio\/","og_site_name":"B2B - Wash ME :","article_modified_time":"2023-08-02T09:08:59+00:00","og_image":[{"url":"https:\/\/pro.wash-megroup.com\/wp-content\/uploads\/sites\/2\/2021\/10\/GIF-SITE-REUSSIR-ENSEMBLE-light-1.gif","type":"","width":"","height":""}],"twitter_card":"summary_large_image","twitter_misc":{"Tiempo de lectura":"1 minuto"},"schema":{"@context":"https:\/\/schema.org","@graph":[{"@type":"WebPage","@id":"https:\/\/pro.wash-megroup.com\/es-es\/modelo-de-negocio\/","url":"https:\/\/pro.wash-megroup.com\/es-es\/modelo-de-negocio\/","name":"Modelo de negocio - Wash ME","isPartOf":{"@id":"https:\/\/pro.wash-megroup.com\/es-es\/#website"},"primaryImageOfPage":{"@id":"https:\/\/pro.wash-megroup.com\/es-es\/modelo-de-negocio\/#primaryimage"},"image":{"@id":"https:\/\/pro.wash-megroup.com\/es-es\/modelo-de-negocio\/#primaryimage"},"thumbnailUrl":"https:\/\/pro.wash-megroup.com\/wp-content\/uploads\/sites\/2\/2021\/10\/GIF-SITE-REUSSIR-ENSEMBLE-light-1.gif","datePublished":"2022-10-18T15:06:37+00:00","dateModified":"2023-08-02T09:08:59+00:00","breadcrumb":{"@id":"https:\/\/pro.wash-megroup.com\/es-es\/modelo-de-negocio\/#breadcrumb"},"inLanguage":"es","potentialAction":[{"@type":"ReadAction","target":["https:\/\/pro.wash-megroup.com\/es-es\/modelo-de-negocio\/"]}]},{"@type":"ImageObject","inLanguage":"es","@id":"https:\/\/pro.wash-megroup.com\/es-es\/modelo-de-negocio\/#primaryimage","url":"https:\/\/pro.wash-megroup.com\/wp-content\/uploads\/sites\/2\/2021\/10\/GIF-SITE-REUSSIR-ENSEMBLE-light-1.gif","contentUrl":"https:\/\/pro.wash-megroup.com\/wp-content\/uploads\/sites\/2\/2021\/10\/GIF-SITE-REUSSIR-ENSEMBLE-light-1.gif"},{"@type":"BreadcrumbList","@id":"https:\/\/pro.wash-megroup.com\/es-es\/modelo-de-negocio\/#breadcrumb","itemListElement":[{"@type":"ListItem","position":1,"name":"Home","item":"https:\/\/pro.wash-megroup.com\/es-es\/"},{"@type":"ListItem","position":2,"name":"Modelo de negocio"}]},{"@type":"WebSite","@id":"https:\/\/pro.wash-megroup.com\/es-es\/#website","url":"https:\/\/pro.wash-megroup.com\/es-es\/","name":"B2B - Wash ME :","description":"Acc\u00e9dez \u00e0 l&#039;espace professionnel","potentialAction":[{"@type":"SearchAction","target":{"@type":"EntryPoint","urlTemplate":"https:\/\/pro.wash-megroup.com\/es-es\/?s={search_term_string}"},"query-input":{"@type":"PropertyValueSpecification","valueRequired":true,"valueName":"search_term_string"}}],"inLanguage":"es"}]}},"_links":{"self":[{"href":"https:\/\/pro.wash-megroup.com\/es-es\/wp-json\/wp\/v2\/pages\/15111","targetHints":{"allow":["GET"]}}],"collection":[{"href":"https:\/\/pro.wash-megroup.com\/es-es\/wp-json\/wp\/v2\/pages"}],"about":[{"href":"https:\/\/pro.wash-megroup.com\/es-es\/wp-json\/wp\/v2\/types\/page"}],"author":[{"embeddable":true,"href":"https:\/\/pro.wash-megroup.com\/es-es\/wp-json\/wp\/v2\/users\/1"}],"replies":[{"embeddable":true,"href":"https:\/\/pro.wash-megroup.com\/es-es\/wp-json\/wp\/v2\/comments?post=15111"}],"version-history":[{"count":3,"href":"https:\/\/pro.wash-megroup.com\/es-es\/wp-json\/wp\/v2\/pages\/15111\/revisions"}],"predecessor-version":[{"id":16164,"href":"https:\/\/pro.wash-megroup.com\/es-es\/wp-json\/wp\/v2\/pages\/15111\/revisions\/16164"}],"wp:attachment":[{"href":"https:\/\/pro.wash-megroup.com\/es-es\/wp-json\/wp\/v2\/media?parent=15111"}],"curies":[{"name":"wp","href":"https:\/\/api.w.org\/{rel}","templated":true}]}}